{"id":1489,"date":"2021-01-13T14:16:58","date_gmt":"2021-01-13T13:16:58","guid":{"rendered":"https:\/\/shopium.eu\/ba\/?post_type=product&#038;p=1489"},"modified":"2021-01-13T14:21:43","modified_gmt":"2021-01-13T13:21:43","slug":"carsupport","status":"publish","type":"product","link":"https:\/\/cartium.eu\/ba\/proizvod\/carsupport\/","title":{"rendered":"Multipraktik sigurnosna ru\u010dka za automobile &#8211; CarSupport"},"content":{"rendered":"","protected":false},"excerpt":{"rendered":"<ul>\n<li>Ova prakti\u010dna ru\u010dka je sinonim za sigurnost prilikom izlaska ili ulaska u automobil namenjena vama ili va\u0161im najmilijima kome je to najpotrebnije.<\/li>\n<li>Originalna &#8220;Car Support&#8221; ru\u010dka je pametno osmi\u0161ljena tako da ima prenosivi mehanizam kako biste ih mogli prenositi iz jednog u drugi automobil po potrebi.<\/li>\n<li>Velika ja\u010dina nosivosti iznosti do \u010dak 160 kg , izra\u0111ena od izdr\u017eljivih materijala, zagarantova\u0107e vam dugotrajan vek kori\u0161tenja.<\/li>\n<li>Ru\u010dka se zaka\u010di i pri\u010dvrsti na zaka\u010dku od vrata u samo nekoliko trenutaka i ve\u0107 mo\u017eete nesmetano da iza\u0111ete iz automobila.<\/li>\n<\/ul>\n","protected":false},"featured_media":1491,"comment_status":"closed","ping_status":"closed","template":"","meta":{"inline_featured_image":false},"product_brand":[],"product_cat":[15],"product_tag":[],"class_list":{"0":"post-1489","1":"product","2":"type-product","3":"status-publish","4":"has-post-thumbnail","6":"product_cat-uncategorized","8":"first","9":"instock","10":"sale","11":"shipping-taxable","12":"purchasable","13":"product-type-simple"},"acf":[],"_links":{"self":[{"href":"https:\/\/cartium.eu\/ba\/wp-json\/wp\/v2\/product\/1489","targetHints":{"allow":["GET"]}}],"collection":[{"href":"https:\/\/cartium.eu\/ba\/wp-json\/wp\/v2\/product"}],"about":[{"href":"https:\/\/cartium.eu\/ba\/wp-json\/wp\/v2\/types\/product"}],"replies":[{"embeddable":true,"href":"https:\/\/cartium.eu\/ba\/wp-json\/wp\/v2\/comments?post=1489"}],"wp:featuredmedia":[{"embeddable":true,"href":"https:\/\/cartium.eu\/ba\/wp-json\/wp\/v2\/media\/1491"}],"wp:attachment":[{"href":"https:\/\/cartium.eu\/ba\/wp-json\/wp\/v2\/media?parent=1489"}],"wp:term":[{"taxonomy":"product_brand","embeddable":true,"href":"https:\/\/cartium.eu\/ba\/wp-json\/wp\/v2\/product_brand?post=1489"},{"taxonomy":"product_cat","embeddable":true,"href":"https:\/\/cartium.eu\/ba\/wp-json\/wp\/v2\/product_cat?post=1489"},{"taxonomy":"product_tag","embeddable":true,"href":"https:\/\/cartium.eu\/ba\/wp-json\/wp\/v2\/product_tag?post=1489"}],"curies":[{"name":"wp","href":"https:\/\/api.w.org\/{rel}","templated":true}]}}