{"id":1499,"date":"2021-01-13T14:23:04","date_gmt":"2021-01-13T13:23:04","guid":{"rendered":"https:\/\/shopium.eu\/ba\/?post_type=product&#038;p=1499"},"modified":"2021-01-13T14:25:49","modified_gmt":"2021-01-13T13:25:49","slug":"jellypen","status":"publish","type":"product","link":"https:\/\/cartium.eu\/ba\/proizvod\/jellypen\/","title":{"rendered":"3d univerzalne \u017eele bojice &#8211; JellyPen"},"content":{"rendered":"","protected":false},"excerpt":{"rendered":"<ul>\n<li>Crtanje ili bojenje ovim sjajnim \u0161arenim bojama, izazva\u0107e kod va\u0161ih mali\u0161ana pozitivne osobine poput kreativnosti i razvijanja ma\u0161te.<\/li>\n<li>Ukoliko pi\u0161ete i crtate ovim olovkama, dobi\u0107ete trodimenzionalni efekat sjajnih boja koje se sijaju ba\u0161 poput nekakvog \u017eelea .<\/li>\n<li>Ove super olovke u raznim bojama su potpuno vodootporne , otporne na hemikalije i ne blijede.<\/li>\n<\/ul>\n","protected":false},"featured_media":1505,"comment_status":"closed","ping_status":"closed","template":"","meta":{"inline_featured_image":false},"product_brand":[],"product_cat":[15],"product_tag":[],"class_list":{"0":"post-1499","1":"product","2":"type-product","3":"status-publish","4":"has-post-thumbnail","6":"product_cat-uncategorized","8":"first","9":"instock","10":"sale","11":"shipping-taxable","12":"purchasable","13":"product-type-simple"},"acf":[],"_links":{"self":[{"href":"https:\/\/cartium.eu\/ba\/wp-json\/wp\/v2\/product\/1499","targetHints":{"allow":["GET"]}}],"collection":[{"href":"https:\/\/cartium.eu\/ba\/wp-json\/wp\/v2\/product"}],"about":[{"href":"https:\/\/cartium.eu\/ba\/wp-json\/wp\/v2\/types\/product"}],"replies":[{"embeddable":true,"href":"https:\/\/cartium.eu\/ba\/wp-json\/wp\/v2\/comments?post=1499"}],"wp:featuredmedia":[{"embeddable":true,"href":"https:\/\/cartium.eu\/ba\/wp-json\/wp\/v2\/media\/1505"}],"wp:attachment":[{"href":"https:\/\/cartium.eu\/ba\/wp-json\/wp\/v2\/media?parent=1499"}],"wp:term":[{"taxonomy":"product_brand","embeddable":true,"href":"https:\/\/cartium.eu\/ba\/wp-json\/wp\/v2\/product_brand?post=1499"},{"taxonomy":"product_cat","embeddable":true,"href":"https:\/\/cartium.eu\/ba\/wp-json\/wp\/v2\/product_cat?post=1499"},{"taxonomy":"product_tag","embeddable":true,"href":"https:\/\/cartium.eu\/ba\/wp-json\/wp\/v2\/product_tag?post=1499"}],"curies":[{"name":"wp","href":"https:\/\/api.w.org\/{rel}","templated":true}]}}