{"id":1511,"date":"2021-01-13T14:27:15","date_gmt":"2021-01-13T13:27:15","guid":{"rendered":"https:\/\/shopium.eu\/ba\/?post_type=product&#038;p=1511"},"modified":"2021-01-13T14:30:13","modified_gmt":"2021-01-13T13:30:13","slug":"neckcap","status":"publish","type":"product","link":"https:\/\/cartium.eu\/ba\/proizvod\/neckcap\/","title":{"rendered":"Kapa i \u0161al 2 u 1 &#8211; NeckCap"},"content":{"rendered":"","protected":false},"excerpt":{"rendered":"<ul>\n<li>Osigurajte si uvek savr\u0161enu toplotu i najve\u0107u udobnost sa ovim super setom 2 u 1 \u0161al i kapa koji je potpuno univerzalan i odgovara svakoj odevnoj kombinaciji.<\/li>\n<li>Kapa sa \u0161alom je savr\u0161ena za bicikliste i motoriste kada \u0107e im poslu\u017eiti kao vetrobran i zagrejavati ih, kao i za bilo koju vanjsku aktivnost zimi.<\/li>\n<li>Sa unutra\u0161nje strane, kapa i \u0161al su oblo\u017eeni premekanim krznom za najudobniju i najne\u017eniju mogu\u0107u za\u0161titu u predstoje\u0107im zimskim neprilikama.<\/li>\n<\/ul>\n","protected":false},"featured_media":1512,"comment_status":"closed","ping_status":"closed","template":"","meta":{"inline_featured_image":false},"product_brand":[],"product_cat":[15],"product_tag":[],"class_list":{"0":"post-1511","1":"product","2":"type-product","3":"status-publish","4":"has-post-thumbnail","6":"product_cat-uncategorized","8":"first","9":"instock","10":"sale","11":"shipping-taxable","12":"purchasable","13":"product-type-simple"},"acf":[],"_links":{"self":[{"href":"https:\/\/cartium.eu\/ba\/wp-json\/wp\/v2\/product\/1511","targetHints":{"allow":["GET"]}}],"collection":[{"href":"https:\/\/cartium.eu\/ba\/wp-json\/wp\/v2\/product"}],"about":[{"href":"https:\/\/cartium.eu\/ba\/wp-json\/wp\/v2\/types\/product"}],"replies":[{"embeddable":true,"href":"https:\/\/cartium.eu\/ba\/wp-json\/wp\/v2\/comments?post=1511"}],"wp:featuredmedia":[{"embeddable":true,"href":"https:\/\/cartium.eu\/ba\/wp-json\/wp\/v2\/media\/1512"}],"wp:attachment":[{"href":"https:\/\/cartium.eu\/ba\/wp-json\/wp\/v2\/media?parent=1511"}],"wp:term":[{"taxonomy":"product_brand","embeddable":true,"href":"https:\/\/cartium.eu\/ba\/wp-json\/wp\/v2\/product_brand?post=1511"},{"taxonomy":"product_cat","embeddable":true,"href":"https:\/\/cartium.eu\/ba\/wp-json\/wp\/v2\/product_cat?post=1511"},{"taxonomy":"product_tag","embeddable":true,"href":"https:\/\/cartium.eu\/ba\/wp-json\/wp\/v2\/product_tag?post=1511"}],"curies":[{"name":"wp","href":"https:\/\/api.w.org\/{rel}","templated":true}]}}