{"id":1568,"date":"2021-01-13T14:57:34","date_gmt":"2021-01-13T13:57:34","guid":{"rendered":"https:\/\/shopium.eu\/ba\/?post_type=product&#038;p=1568"},"modified":"2021-01-13T15:00:39","modified_gmt":"2021-01-13T14:00:39","slug":"shapesy","status":"publish","type":"product","link":"https:\/\/cartium.eu\/ba\/proizvod\/shapesy\/","title":{"rendered":"Precizno dupliranje oblika &#8211; Shapesy"},"content":{"rendered":"","protected":false},"excerpt":{"rendered":"<ul>\n<li>Precizno dupliranje oblika &#8211; Shapesy<\/li>\n<li>U\u010dinite merenja savr\u0161eno preciznim i napravite autenti\u010dne duplikate oblika i time olak\u0161ajte sebi posao uz samo jednu prakti\u010dnu alatku.<\/li>\n<li>Ovaj profilni mera\u010d se mo\u017ee koristiti za merenje oblika nepravilnih stavki, tj. za kreiranje instant predlo\u0161ka za ozna\u010davanje preciznih rezova jer se savr\u0161eno sla\u017ee sa oblikom i dr\u017ei njegov uzorak.<\/li>\n<li>Idealan je za uklapanje plo\u010dica, laminata, tepiha, dimenzija provere, moldinga itd. Korisna alatka za operacije na automobilska tijela, stolariju i za sve vrste modeliranja.<\/li>\n<\/ul>\n","protected":false},"featured_media":1569,"comment_status":"closed","ping_status":"closed","template":"","meta":{"inline_featured_image":false},"product_brand":[],"product_cat":[15],"product_tag":[],"class_list":{"0":"post-1568","1":"product","2":"type-product","3":"status-publish","4":"has-post-thumbnail","6":"product_cat-uncategorized","8":"first","9":"instock","10":"sale","11":"shipping-taxable","12":"purchasable","13":"product-type-simple"},"acf":[],"_links":{"self":[{"href":"https:\/\/cartium.eu\/ba\/wp-json\/wp\/v2\/product\/1568","targetHints":{"allow":["GET"]}}],"collection":[{"href":"https:\/\/cartium.eu\/ba\/wp-json\/wp\/v2\/product"}],"about":[{"href":"https:\/\/cartium.eu\/ba\/wp-json\/wp\/v2\/types\/product"}],"replies":[{"embeddable":true,"href":"https:\/\/cartium.eu\/ba\/wp-json\/wp\/v2\/comments?post=1568"}],"wp:featuredmedia":[{"embeddable":true,"href":"https:\/\/cartium.eu\/ba\/wp-json\/wp\/v2\/media\/1569"}],"wp:attachment":[{"href":"https:\/\/cartium.eu\/ba\/wp-json\/wp\/v2\/media?parent=1568"}],"wp:term":[{"taxonomy":"product_brand","embeddable":true,"href":"https:\/\/cartium.eu\/ba\/wp-json\/wp\/v2\/product_brand?post=1568"},{"taxonomy":"product_cat","embeddable":true,"href":"https:\/\/cartium.eu\/ba\/wp-json\/wp\/v2\/product_cat?post=1568"},{"taxonomy":"product_tag","embeddable":true,"href":"https:\/\/cartium.eu\/ba\/wp-json\/wp\/v2\/product_tag?post=1568"}],"curies":[{"name":"wp","href":"https:\/\/api.w.org\/{rel}","templated":true}]}}