{"id":1578,"date":"2021-01-13T15:02:13","date_gmt":"2021-01-13T14:02:13","guid":{"rendered":"https:\/\/shopium.eu\/ba\/?post_type=product&#038;p=1578"},"modified":"2021-01-13T15:05:02","modified_gmt":"2021-01-13T14:05:02","slug":"matracks","status":"publish","type":"product","link":"https:\/\/cartium.eu\/ba\/proizvod\/matracks\/","title":{"rendered":"Magi\u010dna auto staza &#8211; Matracks"},"content":{"rendered":"","protected":false},"excerpt":{"rendered":"<ul>\n<li>Ukoliko \u017eelite da iznenadite svoje mali\u0161ane savr\u0161enim poklonom za ro\u0111endan, onda je ova trka\u010dka staza prava stvar za vas.<\/li>\n<li>Izra\u0111ena je od razli\u010ditih delova staze, koji su dizajnirani tako da podse\u0107aju na onu pravu, trka\u010dku stazu, \u00a0ima i prepreke, semafore, puteljke i uvek se na tom putu na\u0111e po koji izazov koji treba da se savlada \u0161to ovu igra\u010dku \u010dini jo\u0161 zanimljivijom.<\/li>\n<li>Jo\u0161 ne\u0161to, ova staza svetli u mraku! Odaberite svoj omiljeni auti\u0107 i neka trka po\u010dne!<\/li>\n<\/ul>\n","protected":false},"featured_media":1584,"comment_status":"closed","ping_status":"closed","template":"","meta":{"inline_featured_image":false},"product_brand":[],"product_cat":[15],"product_tag":[],"class_list":{"0":"post-1578","1":"product","2":"type-product","3":"status-publish","4":"has-post-thumbnail","6":"product_cat-uncategorized","8":"first","9":"instock","10":"sale","11":"shipping-taxable","12":"purchasable","13":"product-type-simple"},"acf":[],"_links":{"self":[{"href":"https:\/\/cartium.eu\/ba\/wp-json\/wp\/v2\/product\/1578","targetHints":{"allow":["GET"]}}],"collection":[{"href":"https:\/\/cartium.eu\/ba\/wp-json\/wp\/v2\/product"}],"about":[{"href":"https:\/\/cartium.eu\/ba\/wp-json\/wp\/v2\/types\/product"}],"replies":[{"embeddable":true,"href":"https:\/\/cartium.eu\/ba\/wp-json\/wp\/v2\/comments?post=1578"}],"wp:featuredmedia":[{"embeddable":true,"href":"https:\/\/cartium.eu\/ba\/wp-json\/wp\/v2\/media\/1584"}],"wp:attachment":[{"href":"https:\/\/cartium.eu\/ba\/wp-json\/wp\/v2\/media?parent=1578"}],"wp:term":[{"taxonomy":"product_brand","embeddable":true,"href":"https:\/\/cartium.eu\/ba\/wp-json\/wp\/v2\/product_brand?post=1578"},{"taxonomy":"product_cat","embeddable":true,"href":"https:\/\/cartium.eu\/ba\/wp-json\/wp\/v2\/product_cat?post=1578"},{"taxonomy":"product_tag","embeddable":true,"href":"https:\/\/cartium.eu\/ba\/wp-json\/wp\/v2\/product_tag?post=1578"}],"curies":[{"name":"wp","href":"https:\/\/api.w.org\/{rel}","templated":true}]}}