{"id":1585,"date":"2021-01-13T23:55:04","date_gmt":"2021-01-13T22:55:04","guid":{"rendered":"https:\/\/shopium.eu\/ba\/?post_type=product&#038;p=1585"},"modified":"2021-01-14T00:02:22","modified_gmt":"2021-01-13T23:02:22","slug":"playsly","status":"publish","type":"product","link":"https:\/\/cartium.eu\/ba\/proizvod\/playsly\/","title":{"rendered":"Mini stona ko\u0161arka &#8211; Playsly"},"content":{"rendered":"","protected":false},"excerpt":{"rendered":"<ul>\n<li>Ova mini stona ko\u0161arka predstavlja sjajan set za interaktivan vid zabave u kojem \u0107e u\u017eivati deca ali i malo starije generacije kojima \u0107e ovo biti super razbibriga.<\/li>\n<li>Igra \u0107e pomo\u0107i va\u0161im mali\u0161anima da razvijaju takmi\u010darski duh, kao i neke ve\u0161tine poput uskla\u0111ivanja koordinacije pokreta ruku i o\u010diju.<\/li>\n<li>Set je izra\u0111en od visokokvalitetnog ABS materijala koji je veoma \u010dvrst i izdr\u017eljiv \u0161to vam daje garanciju na dugotrajno kori\u0161tenje.<\/li>\n<\/ul>\n","protected":false},"featured_media":1586,"comment_status":"closed","ping_status":"closed","template":"","meta":{"inline_featured_image":false},"product_brand":[],"product_cat":[15],"product_tag":[],"class_list":{"0":"post-1585","1":"product","2":"type-product","3":"status-publish","4":"has-post-thumbnail","6":"product_cat-uncategorized","8":"first","9":"instock","10":"sale","11":"shipping-taxable","12":"purchasable","13":"product-type-simple"},"acf":[],"_links":{"self":[{"href":"https:\/\/cartium.eu\/ba\/wp-json\/wp\/v2\/product\/1585","targetHints":{"allow":["GET"]}}],"collection":[{"href":"https:\/\/cartium.eu\/ba\/wp-json\/wp\/v2\/product"}],"about":[{"href":"https:\/\/cartium.eu\/ba\/wp-json\/wp\/v2\/types\/product"}],"replies":[{"embeddable":true,"href":"https:\/\/cartium.eu\/ba\/wp-json\/wp\/v2\/comments?post=1585"}],"wp:featuredmedia":[{"embeddable":true,"href":"https:\/\/cartium.eu\/ba\/wp-json\/wp\/v2\/media\/1586"}],"wp:attachment":[{"href":"https:\/\/cartium.eu\/ba\/wp-json\/wp\/v2\/media?parent=1585"}],"wp:term":[{"taxonomy":"product_brand","embeddable":true,"href":"https:\/\/cartium.eu\/ba\/wp-json\/wp\/v2\/product_brand?post=1585"},{"taxonomy":"product_cat","embeddable":true,"href":"https:\/\/cartium.eu\/ba\/wp-json\/wp\/v2\/product_cat?post=1585"},{"taxonomy":"product_tag","embeddable":true,"href":"https:\/\/cartium.eu\/ba\/wp-json\/wp\/v2\/product_tag?post=1585"}],"curies":[{"name":"wp","href":"https:\/\/api.w.org\/{rel}","templated":true}]}}