{"id":1592,"date":"2021-01-14T00:20:31","date_gmt":"2021-01-13T23:20:31","guid":{"rendered":"https:\/\/shopium.eu\/ba\/?post_type=product&#038;p=1592"},"modified":"2021-01-14T00:43:09","modified_gmt":"2021-01-13T23:43:09","slug":"sleeply","status":"publish","type":"product","link":"https:\/\/cartium.eu\/ba\/proizvod\/sleeply\/","title":{"rendered":"Jastuk za igru i spavanje &#8211; Sleeply"},"content":{"rendered":"","protected":false},"excerpt":{"rendered":"<ul>\n<li>Ponesi sa sobom na putovanje ovu sjajnu pli\u0161anu igra\u010dku koja se veoma lako transformi\u0161e u premekani i preudobni jastuk ili vre\u0107u za spavanje koja \u0107e vam zatrebati tokom dugotrajnih vo\u017enji automobilom ili autobusom.<\/li>\n<li>Ovakva vre\u0107a za spavanje \u0107e biti od pomo\u0107i deci da se osamostale i kona\u010dno prespavaju sami bez roditelja.<\/li>\n<li>Svako dete \u0107e biti odu\u0161evljeno ovakvim unikatnim poklonom sa kojim \u0107e mo\u0107i da se igra i da sanja najugodnije i najlep\u0161e snove.<\/li>\n<\/ul>\n","protected":false},"featured_media":1599,"comment_status":"closed","ping_status":"closed","template":"","meta":{"inline_featured_image":false},"product_brand":[],"product_cat":[15],"product_tag":[],"class_list":{"0":"post-1592","1":"product","2":"type-product","3":"status-publish","4":"has-post-thumbnail","6":"product_cat-uncategorized","8":"first","9":"instock","10":"sale","11":"shipping-taxable","12":"purchasable","13":"product-type-simple"},"acf":[],"_links":{"self":[{"href":"https:\/\/cartium.eu\/ba\/wp-json\/wp\/v2\/product\/1592","targetHints":{"allow":["GET"]}}],"collection":[{"href":"https:\/\/cartium.eu\/ba\/wp-json\/wp\/v2\/product"}],"about":[{"href":"https:\/\/cartium.eu\/ba\/wp-json\/wp\/v2\/types\/product"}],"replies":[{"embeddable":true,"href":"https:\/\/cartium.eu\/ba\/wp-json\/wp\/v2\/comments?post=1592"}],"wp:featuredmedia":[{"embeddable":true,"href":"https:\/\/cartium.eu\/ba\/wp-json\/wp\/v2\/media\/1599"}],"wp:attachment":[{"href":"https:\/\/cartium.eu\/ba\/wp-json\/wp\/v2\/media?parent=1592"}],"wp:term":[{"taxonomy":"product_brand","embeddable":true,"href":"https:\/\/cartium.eu\/ba\/wp-json\/wp\/v2\/product_brand?post=1592"},{"taxonomy":"product_cat","embeddable":true,"href":"https:\/\/cartium.eu\/ba\/wp-json\/wp\/v2\/product_cat?post=1592"},{"taxonomy":"product_tag","embeddable":true,"href":"https:\/\/cartium.eu\/ba\/wp-json\/wp\/v2\/product_tag?post=1592"}],"curies":[{"name":"wp","href":"https:\/\/api.w.org\/{rel}","templated":true}]}}