{"id":1600,"date":"2021-01-14T00:47:24","date_gmt":"2021-01-13T23:47:24","guid":{"rendered":"https:\/\/shopium.eu\/ba\/?post_type=product&#038;p=1600"},"modified":"2021-01-14T01:02:00","modified_gmt":"2021-01-14T00:02:00","slug":"activity","status":"publish","type":"product","link":"https:\/\/cartium.eu\/ba\/proizvod\/activity\/","title":{"rendered":"\u017denske pantalone za aktivnosti &#8211; Activity"},"content":{"rendered":"","protected":false},"excerpt":{"rendered":"<ul>\n<li>Savr\u0161enu kombinaciju udobnosti i funkcionalnosti dobi\u0107ete nose\u0107i ove sjajne pantalone .<\/li>\n<li>Izra\u0111ene od visokokvalitetnog fleksibilnog materijala tako da \u0107ete uz udobnost imati i maksimalnu slobodnu pokreta prilikom sportskih aktivnosti.<\/li>\n<li>Neka vam pozavide na savr\u0161enim oblinama i figuri jer ova pantalone imaju super \u0161avove tj. mehanizam kojim \u0107e oblikovati va\u0161e telo i podi\u0107i zadnjicu.<\/li>\n<\/ul>\n","protected":false},"featured_media":1602,"comment_status":"closed","ping_status":"closed","template":"","meta":{"inline_featured_image":false},"product_brand":[],"product_cat":[15],"product_tag":[],"class_list":{"0":"post-1600","1":"product","2":"type-product","3":"status-publish","4":"has-post-thumbnail","6":"product_cat-uncategorized","8":"first","9":"instock","10":"sale","11":"shipping-taxable","12":"purchasable","13":"product-type-simple"},"acf":[],"_links":{"self":[{"href":"https:\/\/cartium.eu\/ba\/wp-json\/wp\/v2\/product\/1600","targetHints":{"allow":["GET"]}}],"collection":[{"href":"https:\/\/cartium.eu\/ba\/wp-json\/wp\/v2\/product"}],"about":[{"href":"https:\/\/cartium.eu\/ba\/wp-json\/wp\/v2\/types\/product"}],"replies":[{"embeddable":true,"href":"https:\/\/cartium.eu\/ba\/wp-json\/wp\/v2\/comments?post=1600"}],"wp:featuredmedia":[{"embeddable":true,"href":"https:\/\/cartium.eu\/ba\/wp-json\/wp\/v2\/media\/1602"}],"wp:attachment":[{"href":"https:\/\/cartium.eu\/ba\/wp-json\/wp\/v2\/media?parent=1600"}],"wp:term":[{"taxonomy":"product_brand","embeddable":true,"href":"https:\/\/cartium.eu\/ba\/wp-json\/wp\/v2\/product_brand?post=1600"},{"taxonomy":"product_cat","embeddable":true,"href":"https:\/\/cartium.eu\/ba\/wp-json\/wp\/v2\/product_cat?post=1600"},{"taxonomy":"product_tag","embeddable":true,"href":"https:\/\/cartium.eu\/ba\/wp-json\/wp\/v2\/product_tag?post=1600"}],"curies":[{"name":"wp","href":"https:\/\/api.w.org\/{rel}","templated":true}]}}