{"id":4972,"date":"2021-04-08T15:58:22","date_gmt":"2021-04-08T13:58:22","guid":{"rendered":"https:\/\/shopium.eu\/ba\/?post_type=product&#038;p=4972"},"modified":"2023-07-24T11:56:58","modified_gmt":"2023-07-24T09:56:58","slug":"losion-u-spreju-za-uklanjanje-dlaka-silkysmooth","status":"publish","type":"product","link":"https:\/\/cartium.eu\/ba\/proizvod\/losion-u-spreju-za-uklanjanje-dlaka-silkysmooth\/","title":{"rendered":"Losion u spreju za uklanjanje dlaka &#8211; SilkySmooth"},"content":{"rendered":"","protected":false},"excerpt":{"rendered":"<p>Super sna\u017ena i inovativna formula ovog spreja za uklanjanje dla\u010dica omogu\u0107uje vam brzo i bezbolno skidanje dla\u010dica u samo nekoliko poteza dok prirodna formula omogu\u0107uje sigurno kori\u0161tenje bez iritacije ko\u017ee i alergijskih reakcija.<\/p>\n","protected":false},"featured_media":342,"comment_status":"closed","ping_status":"closed","template":"","meta":{"inline_featured_image":false},"product_brand":[],"product_cat":[15,28],"product_tag":[],"class_list":{"0":"post-4972","1":"product","2":"type-product","3":"status-publish","4":"has-post-thumbnail","6":"product_cat-uncategorized","7":"product_cat-beauty","9":"first","10":"instock","11":"sale","12":"shipping-taxable","13":"purchasable","14":"product-type-simple"},"acf":[],"_links":{"self":[{"href":"https:\/\/cartium.eu\/ba\/wp-json\/wp\/v2\/product\/4972","targetHints":{"allow":["GET"]}}],"collection":[{"href":"https:\/\/cartium.eu\/ba\/wp-json\/wp\/v2\/product"}],"about":[{"href":"https:\/\/cartium.eu\/ba\/wp-json\/wp\/v2\/types\/product"}],"replies":[{"embeddable":true,"href":"https:\/\/cartium.eu\/ba\/wp-json\/wp\/v2\/comments?post=4972"}],"wp:featuredmedia":[{"embeddable":true,"href":"https:\/\/cartium.eu\/ba\/wp-json\/wp\/v2\/media\/342"}],"wp:attachment":[{"href":"https:\/\/cartium.eu\/ba\/wp-json\/wp\/v2\/media?parent=4972"}],"wp:term":[{"taxonomy":"product_brand","embeddable":true,"href":"https:\/\/cartium.eu\/ba\/wp-json\/wp\/v2\/product_brand?post=4972"},{"taxonomy":"product_cat","embeddable":true,"href":"https:\/\/cartium.eu\/ba\/wp-json\/wp\/v2\/product_cat?post=4972"},{"taxonomy":"product_tag","embeddable":true,"href":"https:\/\/cartium.eu\/ba\/wp-json\/wp\/v2\/product_tag?post=4972"}],"curies":[{"name":"wp","href":"https:\/\/api.w.org\/{rel}","templated":true}]}}