{"id":6667,"date":"2022-05-27T13:14:47","date_gmt":"2022-05-27T11:14:47","guid":{"rendered":"https:\/\/cartium.eu\/ba\/?post_type=product&#038;p=6667"},"modified":"2023-12-01T11:32:19","modified_gmt":"2023-12-01T10:32:19","slug":"montesori-tiha-knjiga-za-djecu-smartbook","status":"publish","type":"product","link":"https:\/\/cartium.eu\/ba\/proizvod\/montesori-tiha-knjiga-za-djecu-smartbook\/","title":{"rendered":"Montesori tiha knjiga za djecu -SmartBook"},"content":{"rendered":"","protected":false},"excerpt":{"rendered":"<p>Knjiga po montesori metodama za razvoj djece , njihovih vje\u0161tina, \u010dula i ma\u0161te odu\u0161evi\u0107e svako djete i olak\u0161ati im u\u010denje kroz igru.<\/p>\n","protected":false},"featured_media":11892,"comment_status":"closed","ping_status":"closed","template":"","meta":{"inline_featured_image":false},"product_brand":[],"product_cat":[15,35],"product_tag":[],"class_list":{"0":"post-6667","1":"product","2":"type-product","3":"status-publish","4":"has-post-thumbnail","6":"product_cat-uncategorized","7":"product_cat-fun","9":"first","10":"instock","11":"sale","12":"shipping-taxable","13":"purchasable","14":"product-type-simple"},"acf":[],"_links":{"self":[{"href":"https:\/\/cartium.eu\/ba\/wp-json\/wp\/v2\/product\/6667","targetHints":{"allow":["GET"]}}],"collection":[{"href":"https:\/\/cartium.eu\/ba\/wp-json\/wp\/v2\/product"}],"about":[{"href":"https:\/\/cartium.eu\/ba\/wp-json\/wp\/v2\/types\/product"}],"replies":[{"embeddable":true,"href":"https:\/\/cartium.eu\/ba\/wp-json\/wp\/v2\/comments?post=6667"}],"wp:featuredmedia":[{"embeddable":true,"href":"https:\/\/cartium.eu\/ba\/wp-json\/wp\/v2\/media\/11892"}],"wp:attachment":[{"href":"https:\/\/cartium.eu\/ba\/wp-json\/wp\/v2\/media?parent=6667"}],"wp:term":[{"taxonomy":"product_brand","embeddable":true,"href":"https:\/\/cartium.eu\/ba\/wp-json\/wp\/v2\/product_brand?post=6667"},{"taxonomy":"product_cat","embeddable":true,"href":"https:\/\/cartium.eu\/ba\/wp-json\/wp\/v2\/product_cat?post=6667"},{"taxonomy":"product_tag","embeddable":true,"href":"https:\/\/cartium.eu\/ba\/wp-json\/wp\/v2\/product_tag?post=6667"}],"curies":[{"name":"wp","href":"https:\/\/api.w.org\/{rel}","templated":true}]}}