{"id":6939,"date":"2022-10-12T09:44:40","date_gmt":"2022-10-12T07:44:40","guid":{"rendered":"https:\/\/cartium.eu\/ba\/?post_type=product&#038;p=6939"},"modified":"2023-03-30T09:48:20","modified_gmt":"2023-03-30T07:48:20","slug":"dekorativne-solarne-lampice","status":"publish","type":"product","link":"https:\/\/cartium.eu\/ba\/proizvod\/dekorativne-solarne-lampice\/","title":{"rendered":"Dekorativne solarne lampice"},"content":{"rendered":"","protected":false},"excerpt":{"rendered":"<p>Dekorativne solarne lampice jedinstvene su svjetiljke koje \u0107e da krase bilo koji vrt, ba\u0161tu ili balkon. Fleksibilne \u017eice kreta\u0107e se na vjetru i pru\u017eiti vam jedinstven prekrasan prizor.<\/p>\n","protected":false},"featured_media":6947,"comment_status":"closed","ping_status":"closed","template":"","meta":{"inline_featured_image":false},"product_brand":[],"product_cat":[15,27],"product_tag":[],"class_list":{"0":"post-6939","1":"product","2":"type-product","3":"status-publish","4":"has-post-thumbnail","6":"product_cat-uncategorized","7":"product_cat-home","9":"first","10":"instock","11":"sale","12":"shipping-taxable","13":"purchasable","14":"product-type-simple"},"acf":[],"_links":{"self":[{"href":"https:\/\/cartium.eu\/ba\/wp-json\/wp\/v2\/product\/6939","targetHints":{"allow":["GET"]}}],"collection":[{"href":"https:\/\/cartium.eu\/ba\/wp-json\/wp\/v2\/product"}],"about":[{"href":"https:\/\/cartium.eu\/ba\/wp-json\/wp\/v2\/types\/product"}],"replies":[{"embeddable":true,"href":"https:\/\/cartium.eu\/ba\/wp-json\/wp\/v2\/comments?post=6939"}],"wp:featuredmedia":[{"embeddable":true,"href":"https:\/\/cartium.eu\/ba\/wp-json\/wp\/v2\/media\/6947"}],"wp:attachment":[{"href":"https:\/\/cartium.eu\/ba\/wp-json\/wp\/v2\/media?parent=6939"}],"wp:term":[{"taxonomy":"product_brand","embeddable":true,"href":"https:\/\/cartium.eu\/ba\/wp-json\/wp\/v2\/product_brand?post=6939"},{"taxonomy":"product_cat","embeddable":true,"href":"https:\/\/cartium.eu\/ba\/wp-json\/wp\/v2\/product_cat?post=6939"},{"taxonomy":"product_tag","embeddable":true,"href":"https:\/\/cartium.eu\/ba\/wp-json\/wp\/v2\/product_tag?post=6939"}],"curies":[{"name":"wp","href":"https:\/\/api.w.org\/{rel}","templated":true}]}}