{"id":6989,"date":"2022-10-12T10:44:33","date_gmt":"2022-10-12T08:44:33","guid":{"rendered":"https:\/\/cartium.eu\/ba\/?post_type=product&#038;p=6989"},"modified":"2022-11-27T12:16:17","modified_gmt":"2022-11-27T11:16:17","slug":"visenamjenski-termotransfer-papir","status":"publish","type":"product","link":"https:\/\/cartium.eu\/ba\/proizvod\/visenamjenski-termotransfer-papir\/","title":{"rendered":"Vi\u0161enamjenski termotransfer papir"},"content":{"rendered":"","protected":false},"excerpt":{"rendered":"<p>Napravite sebi brendiranu garderobu ili dres, mo\u017eete staviti omiljene fotografije na odje\u0107u u samo nekoliko sekundi, kombinacija ima mnogo, sve zavisi od Va\u0161e ma\u0161te, napravite apsolutno unikatne majice!<\/p>\n","protected":false},"featured_media":7004,"comment_status":"closed","ping_status":"closed","template":"","meta":{"inline_featured_image":false},"product_brand":[],"product_cat":[15,35],"product_tag":[],"class_list":{"0":"post-6989","1":"product","2":"type-product","3":"status-publish","4":"has-post-thumbnail","6":"product_cat-uncategorized","7":"product_cat-fun","9":"first","10":"instock","11":"sale","12":"shipping-taxable","13":"purchasable","14":"product-type-simple"},"acf":[],"_links":{"self":[{"href":"https:\/\/cartium.eu\/ba\/wp-json\/wp\/v2\/product\/6989","targetHints":{"allow":["GET"]}}],"collection":[{"href":"https:\/\/cartium.eu\/ba\/wp-json\/wp\/v2\/product"}],"about":[{"href":"https:\/\/cartium.eu\/ba\/wp-json\/wp\/v2\/types\/product"}],"replies":[{"embeddable":true,"href":"https:\/\/cartium.eu\/ba\/wp-json\/wp\/v2\/comments?post=6989"}],"wp:featuredmedia":[{"embeddable":true,"href":"https:\/\/cartium.eu\/ba\/wp-json\/wp\/v2\/media\/7004"}],"wp:attachment":[{"href":"https:\/\/cartium.eu\/ba\/wp-json\/wp\/v2\/media?parent=6989"}],"wp:term":[{"taxonomy":"product_brand","embeddable":true,"href":"https:\/\/cartium.eu\/ba\/wp-json\/wp\/v2\/product_brand?post=6989"},{"taxonomy":"product_cat","embeddable":true,"href":"https:\/\/cartium.eu\/ba\/wp-json\/wp\/v2\/product_cat?post=6989"},{"taxonomy":"product_tag","embeddable":true,"href":"https:\/\/cartium.eu\/ba\/wp-json\/wp\/v2\/product_tag?post=6989"}],"curies":[{"name":"wp","href":"https:\/\/api.w.org\/{rel}","templated":true}]}}