{"id":7074,"date":"2022-10-12T13:17:10","date_gmt":"2022-10-12T11:17:10","guid":{"rendered":"https:\/\/cartium.eu\/ba\/?post_type=product&#038;p=7074"},"modified":"2024-01-11T12:51:01","modified_gmt":"2024-01-11T11:51:01","slug":"sat-sa-autom-na-daljinsko-upravljanje","status":"publish","type":"product","link":"https:\/\/cartium.eu\/ba\/proizvod\/sat-sa-autom-na-daljinsko-upravljanje\/","title":{"rendered":"Sat sa autom na daljinsko upravljanje"},"content":{"rendered":"","protected":false},"excerpt":{"rendered":"<p>Fenomenalna i prakti\u010dna igra\u010dka, izmami\u0107e\u00a0 osmjeh\u00a0 i zabaviti svako dijete u svim situacijama. Prakti\u010dan dizajn omogu\u0107i\u0107e djetetu da uvijek ima uz sebe omiljenu igra\u010dku!<\/p>\n","protected":false},"featured_media":7075,"comment_status":"closed","ping_status":"closed","template":"","meta":{"inline_featured_image":false},"product_brand":[],"product_cat":[15,35],"product_tag":[],"class_list":{"0":"post-7074","1":"product","2":"type-product","3":"status-publish","4":"has-post-thumbnail","6":"product_cat-uncategorized","7":"product_cat-fun","9":"first","10":"instock","11":"sale","12":"shipping-taxable","13":"purchasable","14":"product-type-simple"},"acf":[],"_links":{"self":[{"href":"https:\/\/cartium.eu\/ba\/wp-json\/wp\/v2\/product\/7074","targetHints":{"allow":["GET"]}}],"collection":[{"href":"https:\/\/cartium.eu\/ba\/wp-json\/wp\/v2\/product"}],"about":[{"href":"https:\/\/cartium.eu\/ba\/wp-json\/wp\/v2\/types\/product"}],"replies":[{"embeddable":true,"href":"https:\/\/cartium.eu\/ba\/wp-json\/wp\/v2\/comments?post=7074"}],"wp:featuredmedia":[{"embeddable":true,"href":"https:\/\/cartium.eu\/ba\/wp-json\/wp\/v2\/media\/7075"}],"wp:attachment":[{"href":"https:\/\/cartium.eu\/ba\/wp-json\/wp\/v2\/media?parent=7074"}],"wp:term":[{"taxonomy":"product_brand","embeddable":true,"href":"https:\/\/cartium.eu\/ba\/wp-json\/wp\/v2\/product_brand?post=7074"},{"taxonomy":"product_cat","embeddable":true,"href":"https:\/\/cartium.eu\/ba\/wp-json\/wp\/v2\/product_cat?post=7074"},{"taxonomy":"product_tag","embeddable":true,"href":"https:\/\/cartium.eu\/ba\/wp-json\/wp\/v2\/product_tag?post=7074"}],"curies":[{"name":"wp","href":"https:\/\/api.w.org\/{rel}","templated":true}]}}