{"id":98,"date":"2020-10-28T10:57:05","date_gmt":"2020-10-28T10:57:05","guid":{"rendered":"https:\/\/shopium.eu\/rs\/?page_id=98"},"modified":"2021-01-11T11:28:24","modified_gmt":"2021-01-11T10:28:24","slug":"dodavka-a-moznosti-platby","status":"publish","type":"page","link":"https:\/\/cartium.eu\/cz\/dodavka-a-moznosti-platby\/","title":{"rendered":"Dod\u00e1vka a mo\u017enosti platby"},"content":{"rendered":"<p><strong>Dod\u00e1vka<\/strong><\/p>\n<p>V\u0161echny produkty zobrazen\u00e9 na na\u0161e webov\u00e9 str\u00e1nky jsou tak\u00e9 v na\u0161em sklad\u011b. B\u011bhem n\u00e1kupu kupuj\u00edc\u00ed je povinen uhradit n\u00e1klady na dopravu p\u0159i p\u0159evzet\u00ed zbo\u017e\u00ed, s v\u00fdjimkou objedn\u00e1n\u00ed ur\u010dit\u00fdch produkt\u016f, kter\u00e9 jsou ozna\u010deny: \u201epo\u0161tovn\u00e9 je zahrnuto v cen\u011b\u201c nebo \u201edoru\u010den\u00ed zdarma\u201c. K doru\u010dov\u00e1n\u00ed objedn\u00e1vek pou\u017e\u00edv\u00e1me slu\u017eby doru\u010dov\u00e1n\u00ed GLS a Packeta. Se v\u0161emi v\u00fd\u0161e uveden\u00fdmi kur\u00fdrn\u00edmi slu\u017ebami jsme podepsali smlouvu o obchodn\u00ed spolupr\u00e1ci. Dodac\u00ed lh\u016fta objednan\u00fdch produkt\u016f trv\u00e1 od 2 do 5 pracovn\u00edch dn\u016f (vzhledem k situaci COVID-19 existuje mo\u017enost prodlou\u017een\u00ed dodac\u00ed lh\u016fty). Objednan\u00e9 produkty se dod\u00e1v\u00e1ji na adresu, kterou jste uvedli jako doru\u010dovac\u00ed adresu.<\/p>\n<p>&nbsp;<\/p>\n<p><strong>Sledov\u00e1n\u00ed z\u00e1silky <\/strong><\/p>\n<p>&nbsp;<\/p>\n<p>Svou z\u00e1silku m\u016f\u017eete sledovat pomoc\u00ed tohoto odkazu: <a href=\"https:\/\/tracking.packeta.com\/cs\/tracking\/search\">https:\/\/tracking.packeta.com\/cs\/tracking\/search<\/a><\/p>\n<p>&nbsp;<\/p>\n<p><strong>Platba<\/strong><\/p>\n<p><strong>\u00a0<\/strong><\/p>\n<p>Nab\u00edz\u00edme V\u00e1m n\u011bkolik platebn\u00edch mo\u017enost\u00ed. Za produkt m\u016f\u017eete zaplatit p\u0159es PayPal, kreditn\u00ed kartou nebo na dob\u00edrku.<\/p>\n","protected":false},"excerpt":{"rendered":"<p>Dod\u00e1vka V\u0161echny produkty zobrazen\u00e9 na na\u0161e webov\u00e9 str\u00e1nky jsou tak\u00e9 v na\u0161em sklad\u011b. B\u011bhem n\u00e1kupu kupuj\u00edc\u00ed je povinen uhradit n\u00e1klady na dopravu p\u0159i p\u0159evzet\u00ed zbo\u017e\u00ed, s v\u00fdjimkou objedn\u00e1n\u00ed ur\u010dit\u00fdch produkt\u016f, kter\u00e9 jsou ozna\u010deny: \u201epo\u0161tovn\u00e9 je zahrnuto v cen\u011b\u201c nebo \u201edoru\u010den\u00ed zdarma\u201c. K doru\u010dov\u00e1n\u00ed objedn\u00e1vek pou\u017e\u00edv\u00e1me slu\u017eby doru\u010dov\u00e1n\u00ed GLS a Packeta. Se v\u0161emi v\u00fd\u0161e uveden\u00fdmi kur\u00fdrn\u00edmi &hellip; <a href=\"https:\/\/cartium.eu\/cz\/dodavka-a-moznosti-platby\/\">Continued<\/a><\/p>\n","protected":false},"author":1,"featured_media":0,"parent":0,"menu_order":0,"comment_status":"closed","ping_status":"closed","template":"","meta":{"inline_featured_image":false,"footnotes":""},"class_list":["post-98","page","type-page","status-publish","hentry"],"acf":[],"_links":{"self":[{"href":"https:\/\/cartium.eu\/cz\/wp-json\/wp\/v2\/pages\/98","targetHints":{"allow":["GET"]}}],"collection":[{"href":"https:\/\/cartium.eu\/cz\/wp-json\/wp\/v2\/pages"}],"about":[{"href":"https:\/\/cartium.eu\/cz\/wp-json\/wp\/v2\/types\/page"}],"author":[{"embeddable":true,"href":"https:\/\/cartium.eu\/cz\/wp-json\/wp\/v2\/users\/1"}],"replies":[{"embeddable":true,"href":"https:\/\/cartium.eu\/cz\/wp-json\/wp\/v2\/comments?post=98"}],"version-history":[{"count":8,"href":"https:\/\/cartium.eu\/cz\/wp-json\/wp\/v2\/pages\/98\/revisions"}],"predecessor-version":[{"id":775,"href":"https:\/\/cartium.eu\/cz\/wp-json\/wp\/v2\/pages\/98\/revisions\/775"}],"wp:attachment":[{"href":"https:\/\/cartium.eu\/cz\/wp-json\/wp\/v2\/media?parent=98"}],"curies":[{"name":"wp","href":"https:\/\/api.w.org\/{rel}","templated":true}]}}