{"id":1080,"date":"2021-02-12T09:04:29","date_gmt":"2021-02-12T08:04:29","guid":{"rendered":"https:\/\/shopium.eu\/cz\/?post_type=product&#038;p=1080"},"modified":"2021-03-30T11:08:33","modified_gmt":"2021-03-30T09:08:33","slug":"paintstripper","status":"publish","type":"product","link":"https:\/\/cartium.eu\/cz\/produkt\/paintstripper\/","title":{"rendered":"Odstra\u0148ova\u010d barvy \u2013 PaintStripper"},"content":{"rendered":"","protected":false},"excerpt":{"rendered":"<p>Vysoce \u00fa\u010dinn\u00fd odstra\u0148ova\u010d barvy, kter\u00fd pracuje na r\u016fzn\u00fdch povr\u0161\u00edch, v\u00e1s pot\u011b\u0161\u00ed rychlost\u00ed rozpou\u0161t\u011bn\u00ed barvy za pouh\u00fdch 10 minut a \u0161irokou \u0161k\u00e1lou aplikac\u00ed. Mno\u017estv\u00ed v l\u00e1hvi sta\u010d\u00ed na 3 m2 povrchu.<\/p>\n","protected":false},"featured_media":1159,"comment_status":"closed","ping_status":"closed","template":"","meta":{"inline_featured_image":false},"product_brand":[],"product_cat":[15,25,27,24],"product_tag":[],"class_list":{"0":"post-1080","1":"product","2":"type-product","3":"status-publish","4":"has-post-thumbnail","6":"product_cat-uncategorized","7":"product_cat-car","8":"product_cat-home","9":"product_cat-sale","11":"first","12":"instock","13":"sale","14":"taxable","15":"shipping-taxable","16":"purchasable","17":"product-type-simple"},"acf":[],"_links":{"self":[{"href":"https:\/\/cartium.eu\/cz\/wp-json\/wp\/v2\/product\/1080","targetHints":{"allow":["GET"]}}],"collection":[{"href":"https:\/\/cartium.eu\/cz\/wp-json\/wp\/v2\/product"}],"about":[{"href":"https:\/\/cartium.eu\/cz\/wp-json\/wp\/v2\/types\/product"}],"replies":[{"embeddable":true,"href":"https:\/\/cartium.eu\/cz\/wp-json\/wp\/v2\/comments?post=1080"}],"wp:featuredmedia":[{"embeddable":true,"href":"https:\/\/cartium.eu\/cz\/wp-json\/wp\/v2\/media\/1159"}],"wp:attachment":[{"href":"https:\/\/cartium.eu\/cz\/wp-json\/wp\/v2\/media?parent=1080"}],"wp:term":[{"taxonomy":"product_brand","embeddable":true,"href":"https:\/\/cartium.eu\/cz\/wp-json\/wp\/v2\/product_brand?post=1080"},{"taxonomy":"product_cat","embeddable":true,"href":"https:\/\/cartium.eu\/cz\/wp-json\/wp\/v2\/product_cat?post=1080"},{"taxonomy":"product_tag","embeddable":true,"href":"https:\/\/cartium.eu\/cz\/wp-json\/wp\/v2\/product_tag?post=1080"}],"curies":[{"name":"wp","href":"https:\/\/api.w.org\/{rel}","templated":true}]}}