{"id":10868,"date":"2023-04-19T08:32:31","date_gmt":"2023-04-19T06:32:31","guid":{"rendered":"https:\/\/cartium.eu\/cz\/?post_type=product&#038;p=10868"},"modified":"2023-04-21T13:51:15","modified_gmt":"2023-04-21T11:51:15","slug":"body-pro-tvarovani-tela","status":"publish","type":"product","link":"https:\/\/cartium.eu\/cz\/produkt\/body-pro-tvarovani-tela\/","title":{"rendered":"Body pro tvarov\u00e1n\u00ed t\u011bla"},"content":{"rendered":"","protected":false},"excerpt":{"rendered":"<p>Pohodln\u00e9, praktick\u00e9 a kr\u00e1sn\u00e9 a z\u00e1rove\u0148 velmi \u00fa\u010deln\u00e9 a modern\u00ed body. Vytvarujte si postavu s t\u00edmto body!<\/p>\n<p>&nbsp;<\/p>\n<p>&nbsp;<\/p>\n<p>&nbsp;<\/p>\n","protected":false},"featured_media":10877,"comment_status":"closed","ping_status":"closed","template":"","meta":{"inline_featured_image":false},"product_brand":[],"product_cat":[15],"product_tag":[],"class_list":{"0":"post-10868","1":"product","2":"type-product","3":"status-publish","4":"has-post-thumbnail","6":"product_cat-uncategorized","8":"first","9":"instock","10":"sale","11":"taxable","12":"shipping-taxable","13":"purchasable","14":"product-type-variable"},"acf":[],"_links":{"self":[{"href":"https:\/\/cartium.eu\/cz\/wp-json\/wp\/v2\/product\/10868","targetHints":{"allow":["GET"]}}],"collection":[{"href":"https:\/\/cartium.eu\/cz\/wp-json\/wp\/v2\/product"}],"about":[{"href":"https:\/\/cartium.eu\/cz\/wp-json\/wp\/v2\/types\/product"}],"replies":[{"embeddable":true,"href":"https:\/\/cartium.eu\/cz\/wp-json\/wp\/v2\/comments?post=10868"}],"wp:featuredmedia":[{"embeddable":true,"href":"https:\/\/cartium.eu\/cz\/wp-json\/wp\/v2\/media\/10877"}],"wp:attachment":[{"href":"https:\/\/cartium.eu\/cz\/wp-json\/wp\/v2\/media?parent=10868"}],"wp:term":[{"taxonomy":"product_brand","embeddable":true,"href":"https:\/\/cartium.eu\/cz\/wp-json\/wp\/v2\/product_brand?post=10868"},{"taxonomy":"product_cat","embeddable":true,"href":"https:\/\/cartium.eu\/cz\/wp-json\/wp\/v2\/product_cat?post=10868"},{"taxonomy":"product_tag","embeddable":true,"href":"https:\/\/cartium.eu\/cz\/wp-json\/wp\/v2\/product_tag?post=10868"}],"curies":[{"name":"wp","href":"https:\/\/api.w.org\/{rel}","templated":true}]}}