{"id":10898,"date":"2023-04-19T09:08:49","date_gmt":"2023-04-19T07:08:49","guid":{"rendered":"https:\/\/cartium.eu\/cz\/?post_type=product&#038;p=10898"},"modified":"2023-04-21T13:53:11","modified_gmt":"2023-04-21T11:53:11","slug":"damske-kalhotky-pro-kontrolu-a-tvarovani-bricha","status":"publish","type":"product","link":"https:\/\/cartium.eu\/cz\/produkt\/damske-kalhotky-pro-kontrolu-a-tvarovani-bricha\/","title":{"rendered":"D\u00e1msk\u00e9 kalhotky pro kontrolu a tvarov\u00e1n\u00ed b\u0159icha"},"content":{"rendered":"","protected":false},"excerpt":{"rendered":"<p>V\u00fdkonn\u00e9 pohodln\u00e9 kalhotky s vysok\u00fdm pasem poskytnou maxim\u00e1ln\u00ed pohodl\u00ed a optim\u00e1ln\u00ed v\u00fdsledky stahov\u00e1n\u00ed.<\/p>\n<p>&nbsp;<\/p>\n<p>&nbsp;<\/p>\n<p>&nbsp;<\/p>\n<p>&nbsp;<\/p>\n","protected":false},"featured_media":10911,"comment_status":"closed","ping_status":"closed","template":"","meta":{"inline_featured_image":false},"product_brand":[],"product_cat":[15],"product_tag":[],"class_list":{"0":"post-10898","1":"product","2":"type-product","3":"status-publish","4":"has-post-thumbnail","6":"product_cat-uncategorized","8":"first","9":"instock","10":"sale","11":"taxable","12":"shipping-taxable","13":"purchasable","14":"product-type-variable"},"acf":[],"_links":{"self":[{"href":"https:\/\/cartium.eu\/cz\/wp-json\/wp\/v2\/product\/10898","targetHints":{"allow":["GET"]}}],"collection":[{"href":"https:\/\/cartium.eu\/cz\/wp-json\/wp\/v2\/product"}],"about":[{"href":"https:\/\/cartium.eu\/cz\/wp-json\/wp\/v2\/types\/product"}],"replies":[{"embeddable":true,"href":"https:\/\/cartium.eu\/cz\/wp-json\/wp\/v2\/comments?post=10898"}],"wp:featuredmedia":[{"embeddable":true,"href":"https:\/\/cartium.eu\/cz\/wp-json\/wp\/v2\/media\/10911"}],"wp:attachment":[{"href":"https:\/\/cartium.eu\/cz\/wp-json\/wp\/v2\/media?parent=10898"}],"wp:term":[{"taxonomy":"product_brand","embeddable":true,"href":"https:\/\/cartium.eu\/cz\/wp-json\/wp\/v2\/product_brand?post=10898"},{"taxonomy":"product_cat","embeddable":true,"href":"https:\/\/cartium.eu\/cz\/wp-json\/wp\/v2\/product_cat?post=10898"},{"taxonomy":"product_tag","embeddable":true,"href":"https:\/\/cartium.eu\/cz\/wp-json\/wp\/v2\/product_tag?post=10898"}],"curies":[{"name":"wp","href":"https:\/\/api.w.org\/{rel}","templated":true}]}}