{"id":10915,"date":"2023-04-19T09:37:13","date_gmt":"2023-04-19T07:37:13","guid":{"rendered":"https:\/\/cartium.eu\/cz\/?post_type=product&#038;p=10915"},"modified":"2023-04-21T13:49:37","modified_gmt":"2023-04-21T11:49:37","slug":"zestihlujici-stahovaci-korzet","status":"publish","type":"product","link":"https:\/\/cartium.eu\/cz\/produkt\/zestihlujici-stahovaci-korzet\/","title":{"rendered":"Ze\u0161t\u00edhluj\u00edc\u00ed stahovac\u00ed korzet"},"content":{"rendered":"","protected":false},"excerpt":{"rendered":"<p>Dos\u00e1hn\u011bte \u00fa\u017easn\u00e9ho vzhledu s t\u011bmito pun\u010dochov\u00fdmi kalhotami, kter\u00e9 tvaruj\u00ed pas a stehna pro celodenn\u00ed ka\u017edodenn\u00ed pohodl\u00ed.<\/p>\n<p>&nbsp;<\/p>\n<p>&nbsp;<\/p>\n<p>&nbsp;<\/p>\n<p>&nbsp;<\/p>\n","protected":false},"featured_media":10933,"comment_status":"closed","ping_status":"closed","template":"","meta":{"inline_featured_image":false},"product_brand":[],"product_cat":[15],"product_tag":[],"class_list":{"0":"post-10915","1":"product","2":"type-product","3":"status-publish","4":"has-post-thumbnail","6":"product_cat-uncategorized","8":"first","9":"instock","10":"sale","11":"taxable","12":"shipping-taxable","13":"purchasable","14":"product-type-variable"},"acf":[],"_links":{"self":[{"href":"https:\/\/cartium.eu\/cz\/wp-json\/wp\/v2\/product\/10915","targetHints":{"allow":["GET"]}}],"collection":[{"href":"https:\/\/cartium.eu\/cz\/wp-json\/wp\/v2\/product"}],"about":[{"href":"https:\/\/cartium.eu\/cz\/wp-json\/wp\/v2\/types\/product"}],"replies":[{"embeddable":true,"href":"https:\/\/cartium.eu\/cz\/wp-json\/wp\/v2\/comments?post=10915"}],"wp:featuredmedia":[{"embeddable":true,"href":"https:\/\/cartium.eu\/cz\/wp-json\/wp\/v2\/media\/10933"}],"wp:attachment":[{"href":"https:\/\/cartium.eu\/cz\/wp-json\/wp\/v2\/media?parent=10915"}],"wp:term":[{"taxonomy":"product_brand","embeddable":true,"href":"https:\/\/cartium.eu\/cz\/wp-json\/wp\/v2\/product_brand?post=10915"},{"taxonomy":"product_cat","embeddable":true,"href":"https:\/\/cartium.eu\/cz\/wp-json\/wp\/v2\/product_cat?post=10915"},{"taxonomy":"product_tag","embeddable":true,"href":"https:\/\/cartium.eu\/cz\/wp-json\/wp\/v2\/product_tag?post=10915"}],"curies":[{"name":"wp","href":"https:\/\/api.w.org\/{rel}","templated":true}]}}