{"id":10936,"date":"2023-04-19T10:17:21","date_gmt":"2023-04-19T08:17:21","guid":{"rendered":"https:\/\/cartium.eu\/cz\/?post_type=product&#038;p=10936"},"modified":"2023-04-21T14:11:24","modified_gmt":"2023-04-21T12:11:24","slug":"transformacni-sada-cisel-pro-sestavovani-robotu","status":"publish","type":"product","link":"https:\/\/cartium.eu\/cz\/produkt\/transformacni-sada-cisel-pro-sestavovani-robotu\/","title":{"rendered":"Transforma\u010dn\u00ed sada \u010d\u00edsel pro sestavov\u00e1n\u00ed robot\u016f"},"content":{"rendered":"","protected":false},"excerpt":{"rendered":"<p>Fantastick\u00e1 sada \u010d\u00edsel r\u016fzn\u00fdch tvar\u016f v\u00e1m umo\u017en\u00ed sestavit fantastick\u00e9ho robota.<\/p>\n<p>&nbsp;<\/p>\n<p>&nbsp;<\/p>\n","protected":false},"featured_media":10943,"comment_status":"closed","ping_status":"closed","template":"","meta":{"inline_featured_image":false},"product_brand":[],"product_cat":[15],"product_tag":[],"class_list":{"0":"post-10936","1":"product","2":"type-product","3":"status-publish","4":"has-post-thumbnail","6":"product_cat-uncategorized","8":"first","9":"instock","10":"sale","11":"taxable","12":"shipping-taxable","13":"purchasable","14":"product-type-simple"},"acf":[],"_links":{"self":[{"href":"https:\/\/cartium.eu\/cz\/wp-json\/wp\/v2\/product\/10936","targetHints":{"allow":["GET"]}}],"collection":[{"href":"https:\/\/cartium.eu\/cz\/wp-json\/wp\/v2\/product"}],"about":[{"href":"https:\/\/cartium.eu\/cz\/wp-json\/wp\/v2\/types\/product"}],"replies":[{"embeddable":true,"href":"https:\/\/cartium.eu\/cz\/wp-json\/wp\/v2\/comments?post=10936"}],"wp:featuredmedia":[{"embeddable":true,"href":"https:\/\/cartium.eu\/cz\/wp-json\/wp\/v2\/media\/10943"}],"wp:attachment":[{"href":"https:\/\/cartium.eu\/cz\/wp-json\/wp\/v2\/media?parent=10936"}],"wp:term":[{"taxonomy":"product_brand","embeddable":true,"href":"https:\/\/cartium.eu\/cz\/wp-json\/wp\/v2\/product_brand?post=10936"},{"taxonomy":"product_cat","embeddable":true,"href":"https:\/\/cartium.eu\/cz\/wp-json\/wp\/v2\/product_cat?post=10936"},{"taxonomy":"product_tag","embeddable":true,"href":"https:\/\/cartium.eu\/cz\/wp-json\/wp\/v2\/product_tag?post=10936"}],"curies":[{"name":"wp","href":"https:\/\/api.w.org\/{rel}","templated":true}]}}