{"id":10949,"date":"2023-04-19T10:34:48","date_gmt":"2023-04-19T08:34:48","guid":{"rendered":"https:\/\/cartium.eu\/cz\/?post_type=product&#038;p=10949"},"modified":"2023-04-19T10:38:08","modified_gmt":"2023-04-19T08:38:08","slug":"herni-konzole","status":"publish","type":"product","link":"https:\/\/cartium.eu\/cz\/produkt\/herni-konzole\/","title":{"rendered":"Hern\u00ed konzole"},"content":{"rendered":"","protected":false},"excerpt":{"rendered":"<p>U\u017eijte si tyto fantastick\u00e9 hry sami nebo ve spole\u010dnosti. Zavzpom\u00ednejte na sv\u00e9 d\u011btstv\u00ed a vyberte si jednu z mnoha nab\u00edzen\u00fdch her.<\/p>\n<p>&nbsp;<\/p>\n<p>&nbsp;<\/p>\n<p>&nbsp;<\/p>\n","protected":false},"featured_media":10950,"comment_status":"closed","ping_status":"closed","template":"","meta":{"inline_featured_image":false},"product_brand":[],"product_cat":[15],"product_tag":[],"class_list":{"0":"post-10949","1":"product","2":"type-product","3":"status-publish","4":"has-post-thumbnail","6":"product_cat-uncategorized","8":"first","9":"instock","10":"sale","11":"taxable","12":"shipping-taxable","13":"purchasable","14":"product-type-simple"},"acf":[],"_links":{"self":[{"href":"https:\/\/cartium.eu\/cz\/wp-json\/wp\/v2\/product\/10949","targetHints":{"allow":["GET"]}}],"collection":[{"href":"https:\/\/cartium.eu\/cz\/wp-json\/wp\/v2\/product"}],"about":[{"href":"https:\/\/cartium.eu\/cz\/wp-json\/wp\/v2\/types\/product"}],"replies":[{"embeddable":true,"href":"https:\/\/cartium.eu\/cz\/wp-json\/wp\/v2\/comments?post=10949"}],"wp:featuredmedia":[{"embeddable":true,"href":"https:\/\/cartium.eu\/cz\/wp-json\/wp\/v2\/media\/10950"}],"wp:attachment":[{"href":"https:\/\/cartium.eu\/cz\/wp-json\/wp\/v2\/media?parent=10949"}],"wp:term":[{"taxonomy":"product_brand","embeddable":true,"href":"https:\/\/cartium.eu\/cz\/wp-json\/wp\/v2\/product_brand?post=10949"},{"taxonomy":"product_cat","embeddable":true,"href":"https:\/\/cartium.eu\/cz\/wp-json\/wp\/v2\/product_cat?post=10949"},{"taxonomy":"product_tag","embeddable":true,"href":"https:\/\/cartium.eu\/cz\/wp-json\/wp\/v2\/product_tag?post=10949"}],"curies":[{"name":"wp","href":"https:\/\/api.w.org\/{rel}","templated":true}]}}