{"id":10998,"date":"2023-04-20T10:28:18","date_gmt":"2023-04-20T08:28:18","guid":{"rendered":"https:\/\/cartium.eu\/cz\/?post_type=product&#038;p=10998"},"modified":"2023-04-20T10:32:26","modified_gmt":"2023-04-20T08:32:26","slug":"digitalni-automobilovy-obvodovy-skener-diagnosticky-nastroj","status":"publish","type":"product","link":"https:\/\/cartium.eu\/cz\/produkt\/digitalni-automobilovy-obvodovy-skener-diagnosticky-nastroj\/","title":{"rendered":"Digit\u00e1ln\u00ed automobilov\u00fd obvodov\u00fd skener, diagnostick\u00fd n\u00e1stroj"},"content":{"rendered":"","protected":false},"excerpt":{"rendered":"<p>Tento p\u0159\u00edstroj je ur\u010den k identifikaci a sledov\u00e1n\u00ed vodi\u010d\u016f nebo kabel\u016f bez po\u0161kozen\u00ed izolace. M\u016f\u017eete jej tak\u00e9 pou\u017e\u00edt ke kontrole zkrat\u016f, lokalizaci otev\u0159en\u00fdch obvod\u016f a podobn\u011b.<\/p>\n<p>&nbsp;<\/p>\n<p>&nbsp;<\/p>\n<p>&nbsp;<\/p>\n","protected":false},"featured_media":11000,"comment_status":"closed","ping_status":"closed","template":"","meta":{"inline_featured_image":false},"product_brand":[],"product_cat":[15],"product_tag":[],"class_list":{"0":"post-10998","1":"product","2":"type-product","3":"status-publish","4":"has-post-thumbnail","6":"product_cat-uncategorized","8":"first","9":"instock","10":"sale","11":"taxable","12":"shipping-taxable","13":"purchasable","14":"product-type-simple"},"acf":[],"_links":{"self":[{"href":"https:\/\/cartium.eu\/cz\/wp-json\/wp\/v2\/product\/10998","targetHints":{"allow":["GET"]}}],"collection":[{"href":"https:\/\/cartium.eu\/cz\/wp-json\/wp\/v2\/product"}],"about":[{"href":"https:\/\/cartium.eu\/cz\/wp-json\/wp\/v2\/types\/product"}],"replies":[{"embeddable":true,"href":"https:\/\/cartium.eu\/cz\/wp-json\/wp\/v2\/comments?post=10998"}],"wp:featuredmedia":[{"embeddable":true,"href":"https:\/\/cartium.eu\/cz\/wp-json\/wp\/v2\/media\/11000"}],"wp:attachment":[{"href":"https:\/\/cartium.eu\/cz\/wp-json\/wp\/v2\/media?parent=10998"}],"wp:term":[{"taxonomy":"product_brand","embeddable":true,"href":"https:\/\/cartium.eu\/cz\/wp-json\/wp\/v2\/product_brand?post=10998"},{"taxonomy":"product_cat","embeddable":true,"href":"https:\/\/cartium.eu\/cz\/wp-json\/wp\/v2\/product_cat?post=10998"},{"taxonomy":"product_tag","embeddable":true,"href":"https:\/\/cartium.eu\/cz\/wp-json\/wp\/v2\/product_tag?post=10998"}],"curies":[{"name":"wp","href":"https:\/\/api.w.org\/{rel}","templated":true}]}}