{"id":11031,"date":"2023-04-20T11:15:18","date_gmt":"2023-04-20T09:15:18","guid":{"rendered":"https:\/\/cartium.eu\/cz\/?post_type=product&#038;p=11031"},"modified":"2023-04-21T14:10:25","modified_gmt":"2023-04-21T12:10:25","slug":"teleskopicka-hracka-pro-deti","status":"publish","type":"product","link":"https:\/\/cartium.eu\/cz\/produkt\/teleskopicka-hracka-pro-deti\/","title":{"rendered":"Teleskopick\u00e1 hra\u010dka pro d\u011bti"},"content":{"rendered":"","protected":false},"excerpt":{"rendered":"<p>Z\u00e1bavn\u00e1 teleskopick\u00e1 hra\u010dka udr\u017e\u00ed d\u011btskou pozornost na velmi dlouhou dobu. R\u016fzn\u00e9 tvary a formy poskytuj\u00ed nekone\u010dnou z\u00e1bavu.<\/p>\n<p>&nbsp;<\/p>\n<p>&nbsp;<\/p>\n<p>&nbsp;<\/p>\n<p>&nbsp;<\/p>\n","protected":false},"featured_media":11038,"comment_status":"closed","ping_status":"closed","template":"","meta":{"inline_featured_image":false},"product_brand":[],"product_cat":[15],"product_tag":[],"class_list":{"0":"post-11031","1":"product","2":"type-product","3":"status-publish","4":"has-post-thumbnail","6":"product_cat-uncategorized","8":"first","9":"instock","10":"sale","11":"taxable","12":"shipping-taxable","13":"purchasable","14":"product-type-simple"},"acf":[],"_links":{"self":[{"href":"https:\/\/cartium.eu\/cz\/wp-json\/wp\/v2\/product\/11031","targetHints":{"allow":["GET"]}}],"collection":[{"href":"https:\/\/cartium.eu\/cz\/wp-json\/wp\/v2\/product"}],"about":[{"href":"https:\/\/cartium.eu\/cz\/wp-json\/wp\/v2\/types\/product"}],"replies":[{"embeddable":true,"href":"https:\/\/cartium.eu\/cz\/wp-json\/wp\/v2\/comments?post=11031"}],"wp:featuredmedia":[{"embeddable":true,"href":"https:\/\/cartium.eu\/cz\/wp-json\/wp\/v2\/media\/11038"}],"wp:attachment":[{"href":"https:\/\/cartium.eu\/cz\/wp-json\/wp\/v2\/media?parent=11031"}],"wp:term":[{"taxonomy":"product_brand","embeddable":true,"href":"https:\/\/cartium.eu\/cz\/wp-json\/wp\/v2\/product_brand?post=11031"},{"taxonomy":"product_cat","embeddable":true,"href":"https:\/\/cartium.eu\/cz\/wp-json\/wp\/v2\/product_cat?post=11031"},{"taxonomy":"product_tag","embeddable":true,"href":"https:\/\/cartium.eu\/cz\/wp-json\/wp\/v2\/product_tag?post=11031"}],"curies":[{"name":"wp","href":"https:\/\/api.w.org\/{rel}","templated":true}]}}