{"id":11068,"date":"2023-04-21T14:47:55","date_gmt":"2023-04-21T12:47:55","guid":{"rendered":"https:\/\/cartium.eu\/cz\/?post_type=product&#038;p=11068"},"modified":"2023-04-21T14:53:07","modified_gmt":"2023-04-21T12:53:07","slug":"bavlnena-podprsenka-se-zapinanim-vpredu","status":"publish","type":"product","link":"https:\/\/cartium.eu\/cz\/produkt\/bavlnena-podprsenka-se-zapinanim-vpredu\/","title":{"rendered":"Bavln\u011bn\u00e1 podprsenka se zap\u00edn\u00e1n\u00edm vp\u0159edu"},"content":{"rendered":"","protected":false},"excerpt":{"rendered":"<p>Za\u017eijte maxim\u00e1ln\u00ed pohodl\u00ed p\u0159i no\u0161en\u00ed p\u0159i v\u0161ech p\u0159\u00edle\u017eitostech. Tento nov\u00fd design podprsenky si zamilujete.<\/p>\n<p>&nbsp;<\/p>\n<p>&nbsp;<\/p>\n<p>&nbsp;<\/p>\n<p>&nbsp;<\/p>\n","protected":false},"featured_media":11073,"comment_status":"closed","ping_status":"closed","template":"","meta":{"inline_featured_image":false},"product_brand":[],"product_cat":[15],"product_tag":[],"class_list":{"0":"post-11068","1":"product","2":"type-product","3":"status-publish","4":"has-post-thumbnail","6":"product_cat-uncategorized","8":"first","9":"instock","10":"sale","11":"taxable","12":"shipping-taxable","13":"purchasable","14":"product-type-variable"},"acf":[],"_links":{"self":[{"href":"https:\/\/cartium.eu\/cz\/wp-json\/wp\/v2\/product\/11068","targetHints":{"allow":["GET"]}}],"collection":[{"href":"https:\/\/cartium.eu\/cz\/wp-json\/wp\/v2\/product"}],"about":[{"href":"https:\/\/cartium.eu\/cz\/wp-json\/wp\/v2\/types\/product"}],"replies":[{"embeddable":true,"href":"https:\/\/cartium.eu\/cz\/wp-json\/wp\/v2\/comments?post=11068"}],"wp:featuredmedia":[{"embeddable":true,"href":"https:\/\/cartium.eu\/cz\/wp-json\/wp\/v2\/media\/11073"}],"wp:attachment":[{"href":"https:\/\/cartium.eu\/cz\/wp-json\/wp\/v2\/media?parent=11068"}],"wp:term":[{"taxonomy":"product_brand","embeddable":true,"href":"https:\/\/cartium.eu\/cz\/wp-json\/wp\/v2\/product_brand?post=11068"},{"taxonomy":"product_cat","embeddable":true,"href":"https:\/\/cartium.eu\/cz\/wp-json\/wp\/v2\/product_cat?post=11068"},{"taxonomy":"product_tag","embeddable":true,"href":"https:\/\/cartium.eu\/cz\/wp-json\/wp\/v2\/product_tag?post=11068"}],"curies":[{"name":"wp","href":"https:\/\/api.w.org\/{rel}","templated":true}]}}