{"id":12370,"date":"2023-06-09T08:23:32","date_gmt":"2023-06-09T06:23:32","guid":{"rendered":"https:\/\/cartium.eu\/cz\/?post_type=product&#038;p=12370"},"modified":"2023-12-05T11:44:37","modified_gmt":"2023-12-05T10:44:37","slug":"viceucelovy-termotransferovy-papir-3","status":"publish","type":"product","link":"https:\/\/cartium.eu\/cz\/produkt\/viceucelovy-termotransferovy-papir-3\/","title":{"rendered":"V\u00edce\u00fa\u010delov\u00fd termotransferov\u00fd pap\u00edr"},"content":{"rendered":"","protected":false},"excerpt":{"rendered":"<p>Vyrobte si zna\u010dkov\u00e9 oble\u010den\u00ed nebo dres, sv\u00e9 obl\u00edben\u00e9 fotografie na oble\u010den\u00ed um\u00edst\u00edte b\u011bhem p\u00e1r sekund, kombinac\u00ed je mnoho, v\u0161e z\u00e1le\u017e\u00ed na va\u0161\u00ed fantazii, vyrobte si naprosto jedine\u010dn\u00e1 tri\u010dka!<\/p>\n","protected":false},"featured_media":6063,"comment_status":"closed","ping_status":"closed","template":"","meta":{"inline_featured_image":false},"product_brand":[],"product_cat":[15,27,35],"product_tag":[],"class_list":{"0":"post-12370","1":"product","2":"type-product","3":"status-publish","4":"has-post-thumbnail","6":"product_cat-uncategorized","7":"product_cat-home","8":"product_cat-fun","10":"first","11":"instock","12":"sale","13":"taxable","14":"shipping-taxable","15":"purchasable","16":"product-type-simple"},"acf":[],"_links":{"self":[{"href":"https:\/\/cartium.eu\/cz\/wp-json\/wp\/v2\/product\/12370","targetHints":{"allow":["GET"]}}],"collection":[{"href":"https:\/\/cartium.eu\/cz\/wp-json\/wp\/v2\/product"}],"about":[{"href":"https:\/\/cartium.eu\/cz\/wp-json\/wp\/v2\/types\/product"}],"replies":[{"embeddable":true,"href":"https:\/\/cartium.eu\/cz\/wp-json\/wp\/v2\/comments?post=12370"}],"wp:featuredmedia":[{"embeddable":true,"href":"https:\/\/cartium.eu\/cz\/wp-json\/wp\/v2\/media\/6063"}],"wp:attachment":[{"href":"https:\/\/cartium.eu\/cz\/wp-json\/wp\/v2\/media?parent=12370"}],"wp:term":[{"taxonomy":"product_brand","embeddable":true,"href":"https:\/\/cartium.eu\/cz\/wp-json\/wp\/v2\/product_brand?post=12370"},{"taxonomy":"product_cat","embeddable":true,"href":"https:\/\/cartium.eu\/cz\/wp-json\/wp\/v2\/product_cat?post=12370"},{"taxonomy":"product_tag","embeddable":true,"href":"https:\/\/cartium.eu\/cz\/wp-json\/wp\/v2\/product_tag?post=12370"}],"curies":[{"name":"wp","href":"https:\/\/api.w.org\/{rel}","templated":true}]}}