{"id":1292,"date":"2021-03-02T13:16:14","date_gmt":"2021-03-02T12:16:14","guid":{"rendered":"https:\/\/shopium.eu\/cz\/?post_type=product&#038;p=1292"},"modified":"2021-03-19T12:47:21","modified_gmt":"2021-03-19T11:47:21","slug":"miter","status":"publish","type":"product","link":"https:\/\/cartium.eu\/cz\/produkt\/miter\/","title":{"rendered":"Rohov\u00e1 fr\u00e9za na d\u0159evo \u2013 Miter"},"content":{"rendered":"","protected":false},"excerpt":{"rendered":"<p>Absolutn\u00ed hit p\u0159i zpracov\u00e1n\u00ed d\u0159eva a vytv\u00e1\u0159en\u00ed siln\u00fdch spoj\u016f, pod\u00a0\u00fahlem 90 stup\u0148\u016f, s\u00a0touto univerz\u00e1ln\u00ed fr\u00e9zou v\u00e1m umo\u017en\u00ed snadn\u011bj\u0161\u00ed a rychlej\u0161\u00ed pr\u00e1ci ve va\u0161\u00ed dom\u00e1cnosti nebo d\u00edln\u011b.<\/p>\n","protected":false},"featured_media":1306,"comment_status":"closed","ping_status":"closed","template":"","meta":{"inline_featured_image":false},"product_brand":[],"product_cat":[15],"product_tag":[],"class_list":{"0":"post-1292","1":"product","2":"type-product","3":"status-publish","4":"has-post-thumbnail","6":"product_cat-uncategorized","8":"first","9":"instock","10":"sale","11":"taxable","12":"shipping-taxable","13":"purchasable","14":"product-type-simple"},"acf":[],"_links":{"self":[{"href":"https:\/\/cartium.eu\/cz\/wp-json\/wp\/v2\/product\/1292","targetHints":{"allow":["GET"]}}],"collection":[{"href":"https:\/\/cartium.eu\/cz\/wp-json\/wp\/v2\/product"}],"about":[{"href":"https:\/\/cartium.eu\/cz\/wp-json\/wp\/v2\/types\/product"}],"replies":[{"embeddable":true,"href":"https:\/\/cartium.eu\/cz\/wp-json\/wp\/v2\/comments?post=1292"}],"wp:featuredmedia":[{"embeddable":true,"href":"https:\/\/cartium.eu\/cz\/wp-json\/wp\/v2\/media\/1306"}],"wp:attachment":[{"href":"https:\/\/cartium.eu\/cz\/wp-json\/wp\/v2\/media?parent=1292"}],"wp:term":[{"taxonomy":"product_brand","embeddable":true,"href":"https:\/\/cartium.eu\/cz\/wp-json\/wp\/v2\/product_brand?post=1292"},{"taxonomy":"product_cat","embeddable":true,"href":"https:\/\/cartium.eu\/cz\/wp-json\/wp\/v2\/product_cat?post=1292"},{"taxonomy":"product_tag","embeddable":true,"href":"https:\/\/cartium.eu\/cz\/wp-json\/wp\/v2\/product_tag?post=1292"}],"curies":[{"name":"wp","href":"https:\/\/api.w.org\/{rel}","templated":true}]}}