{"id":13141,"date":"2023-07-10T08:27:26","date_gmt":"2023-07-10T06:27:26","guid":{"rendered":"https:\/\/cartium.eu\/cz\/?post_type=product&#038;p=13141"},"modified":"2023-07-10T15:10:40","modified_gmt":"2023-07-10T13:10:40","slug":"vysavac-a-sterilizator","status":"publish","type":"product","link":"https:\/\/cartium.eu\/cz\/produkt\/vysavac-a-sterilizator\/","title":{"rendered":"Vysava\u010d a steriliz\u00e1tor"},"content":{"rendered":"","protected":false},"excerpt":{"rendered":"<p>UV steriliz\u00e1tor a \u010disti\u010d prachu a rozto\u010d\u016f v\u00e1m zaru\u010d\u00ed \u010derstv\u00e9 a bezpe\u010dn\u00e9 prost\u0159ed\u00ed.<\/p>\n","protected":false},"featured_media":13144,"comment_status":"closed","ping_status":"closed","template":"","meta":{"inline_featured_image":false},"product_brand":[],"product_cat":[15],"product_tag":[],"class_list":{"0":"post-13141","1":"product","2":"type-product","3":"status-publish","4":"has-post-thumbnail","6":"product_cat-uncategorized","8":"first","9":"instock","10":"sale","11":"taxable","12":"shipping-taxable","13":"purchasable","14":"product-type-simple"},"acf":[],"_links":{"self":[{"href":"https:\/\/cartium.eu\/cz\/wp-json\/wp\/v2\/product\/13141","targetHints":{"allow":["GET"]}}],"collection":[{"href":"https:\/\/cartium.eu\/cz\/wp-json\/wp\/v2\/product"}],"about":[{"href":"https:\/\/cartium.eu\/cz\/wp-json\/wp\/v2\/types\/product"}],"replies":[{"embeddable":true,"href":"https:\/\/cartium.eu\/cz\/wp-json\/wp\/v2\/comments?post=13141"}],"wp:featuredmedia":[{"embeddable":true,"href":"https:\/\/cartium.eu\/cz\/wp-json\/wp\/v2\/media\/13144"}],"wp:attachment":[{"href":"https:\/\/cartium.eu\/cz\/wp-json\/wp\/v2\/media?parent=13141"}],"wp:term":[{"taxonomy":"product_brand","embeddable":true,"href":"https:\/\/cartium.eu\/cz\/wp-json\/wp\/v2\/product_brand?post=13141"},{"taxonomy":"product_cat","embeddable":true,"href":"https:\/\/cartium.eu\/cz\/wp-json\/wp\/v2\/product_cat?post=13141"},{"taxonomy":"product_tag","embeddable":true,"href":"https:\/\/cartium.eu\/cz\/wp-json\/wp\/v2\/product_tag?post=13141"}],"curies":[{"name":"wp","href":"https:\/\/api.w.org\/{rel}","templated":true}]}}