{"id":13149,"date":"2023-07-10T08:54:57","date_gmt":"2023-07-10T06:54:57","guid":{"rendered":"https:\/\/cartium.eu\/cz\/?post_type=product&#038;p=13149"},"modified":"2023-07-10T15:10:32","modified_gmt":"2023-07-10T13:10:32","slug":"vysoce-kvalitni-past-na-zvirata","status":"publish","type":"product","link":"https:\/\/cartium.eu\/cz\/produkt\/vysoce-kvalitni-past-na-zvirata\/","title":{"rendered":"Vysoce kvalitn\u00ed past na zv\u00ed\u0159ata"},"content":{"rendered":"","protected":false},"excerpt":{"rendered":"<p>Hum\u00e1nn\u00ed past na zv\u00ed\u0159ata speci\u00e1ln\u011b navr\u017een\u00e1 k bezbolestn\u00e9mu a snadn\u00e9mu odchytu ko\u0159isti.<\/p>\n","protected":false},"featured_media":13154,"comment_status":"closed","ping_status":"closed","template":"","meta":{"inline_featured_image":false},"product_brand":[],"product_cat":[15],"product_tag":[],"class_list":{"0":"post-13149","1":"product","2":"type-product","3":"status-publish","4":"has-post-thumbnail","6":"product_cat-uncategorized","8":"first","9":"instock","10":"sale","11":"taxable","12":"shipping-taxable","13":"purchasable","14":"product-type-simple"},"acf":[],"_links":{"self":[{"href":"https:\/\/cartium.eu\/cz\/wp-json\/wp\/v2\/product\/13149","targetHints":{"allow":["GET"]}}],"collection":[{"href":"https:\/\/cartium.eu\/cz\/wp-json\/wp\/v2\/product"}],"about":[{"href":"https:\/\/cartium.eu\/cz\/wp-json\/wp\/v2\/types\/product"}],"replies":[{"embeddable":true,"href":"https:\/\/cartium.eu\/cz\/wp-json\/wp\/v2\/comments?post=13149"}],"wp:featuredmedia":[{"embeddable":true,"href":"https:\/\/cartium.eu\/cz\/wp-json\/wp\/v2\/media\/13154"}],"wp:attachment":[{"href":"https:\/\/cartium.eu\/cz\/wp-json\/wp\/v2\/media?parent=13149"}],"wp:term":[{"taxonomy":"product_brand","embeddable":true,"href":"https:\/\/cartium.eu\/cz\/wp-json\/wp\/v2\/product_brand?post=13149"},{"taxonomy":"product_cat","embeddable":true,"href":"https:\/\/cartium.eu\/cz\/wp-json\/wp\/v2\/product_cat?post=13149"},{"taxonomy":"product_tag","embeddable":true,"href":"https:\/\/cartium.eu\/cz\/wp-json\/wp\/v2\/product_tag?post=13149"}],"curies":[{"name":"wp","href":"https:\/\/api.w.org\/{rel}","templated":true}]}}