{"id":13882,"date":"2023-07-23T09:44:22","date_gmt":"2023-07-23T07:44:22","guid":{"rendered":"https:\/\/cartium.eu\/cz\/?post_type=product&#038;p=13882"},"modified":"2023-07-24T07:41:29","modified_gmt":"2023-07-24T05:41:29","slug":"drevene-koralky-pro-deti","status":"publish","type":"product","link":"https:\/\/cartium.eu\/cz\/produkt\/drevene-koralky-pro-deti\/","title":{"rendered":"D\u0159ev\u011bn\u00e9 kor\u00e1lky pro d\u011bti"},"content":{"rendered":"","protected":false},"excerpt":{"rendered":"<p>Kor\u00e1lky z p\u0159\u00edrodn\u00edho d\u0159eva a netoxick\u00fdch barev jsou montessori vzd\u011bl\u00e1vac\u00ed stoln\u00ed hrou o slad\u011bn\u00ed barev. Je ide\u00e1ln\u00ed pro rozvoj jemn\u00e9 motoriky a koordinace pohyb\u016f rukou a o\u010d\u00ed u va\u0161ich nejmen\u0161\u00edch.<\/p>\n","protected":false},"featured_media":13883,"comment_status":"closed","ping_status":"closed","template":"","meta":{"inline_featured_image":false},"product_brand":[],"product_cat":[15],"product_tag":[],"class_list":{"0":"post-13882","1":"product","2":"type-product","3":"status-publish","4":"has-post-thumbnail","6":"product_cat-uncategorized","8":"first","9":"instock","10":"sale","11":"taxable","12":"shipping-taxable","13":"purchasable","14":"product-type-simple"},"acf":[],"_links":{"self":[{"href":"https:\/\/cartium.eu\/cz\/wp-json\/wp\/v2\/product\/13882","targetHints":{"allow":["GET"]}}],"collection":[{"href":"https:\/\/cartium.eu\/cz\/wp-json\/wp\/v2\/product"}],"about":[{"href":"https:\/\/cartium.eu\/cz\/wp-json\/wp\/v2\/types\/product"}],"replies":[{"embeddable":true,"href":"https:\/\/cartium.eu\/cz\/wp-json\/wp\/v2\/comments?post=13882"}],"wp:featuredmedia":[{"embeddable":true,"href":"https:\/\/cartium.eu\/cz\/wp-json\/wp\/v2\/media\/13883"}],"wp:attachment":[{"href":"https:\/\/cartium.eu\/cz\/wp-json\/wp\/v2\/media?parent=13882"}],"wp:term":[{"taxonomy":"product_brand","embeddable":true,"href":"https:\/\/cartium.eu\/cz\/wp-json\/wp\/v2\/product_brand?post=13882"},{"taxonomy":"product_cat","embeddable":true,"href":"https:\/\/cartium.eu\/cz\/wp-json\/wp\/v2\/product_cat?post=13882"},{"taxonomy":"product_tag","embeddable":true,"href":"https:\/\/cartium.eu\/cz\/wp-json\/wp\/v2\/product_tag?post=13882"}],"curies":[{"name":"wp","href":"https:\/\/api.w.org\/{rel}","templated":true}]}}