{"id":1389,"date":"2021-03-08T17:30:03","date_gmt":"2021-03-08T16:30:03","guid":{"rendered":"https:\/\/shopium.eu\/cz\/?post_type=product&#038;p=1389"},"modified":"2023-01-30T09:38:27","modified_gmt":"2023-01-30T08:38:27","slug":"nahrdelnik-s-magnetickym-priveskem-ve-tvaru-srdce-heartjew","status":"publish","type":"product","link":"https:\/\/cartium.eu\/cz\/produkt\/nahrdelnik-s-magnetickym-priveskem-ve-tvaru-srdce-heartjew\/","title":{"rendered":"N\u00e1hrdeln\u00edk s magnetick\u00fdm p\u0159\u00edv\u011bskem ve tvaru srdce &#8211; HeartJew"},"content":{"rendered":"","protected":false},"excerpt":{"rendered":"<p>V\u00fdjime\u010dn\u00fd n\u00e1hrdeln\u00edk ur\u010den\u00fd pro p\u00e1ry nebo bl\u00edzk\u00e9 osoby, abyste v\u017edy m\u011bli pocit, \u017ee jsou vedle v\u00e1s.<\/p>\n","protected":false},"featured_media":1398,"comment_status":"closed","ping_status":"closed","template":"","meta":{"inline_featured_image":false},"product_brand":[],"product_cat":[15,28,24],"product_tag":[],"class_list":{"0":"post-1389","1":"product","2":"type-product","3":"status-publish","4":"has-post-thumbnail","6":"product_cat-uncategorized","7":"product_cat-beauty","8":"product_cat-sale","10":"first","11":"instock","12":"sale","13":"taxable","14":"shipping-taxable","15":"purchasable","16":"product-type-simple"},"acf":[],"_links":{"self":[{"href":"https:\/\/cartium.eu\/cz\/wp-json\/wp\/v2\/product\/1389","targetHints":{"allow":["GET"]}}],"collection":[{"href":"https:\/\/cartium.eu\/cz\/wp-json\/wp\/v2\/product"}],"about":[{"href":"https:\/\/cartium.eu\/cz\/wp-json\/wp\/v2\/types\/product"}],"replies":[{"embeddable":true,"href":"https:\/\/cartium.eu\/cz\/wp-json\/wp\/v2\/comments?post=1389"}],"wp:featuredmedia":[{"embeddable":true,"href":"https:\/\/cartium.eu\/cz\/wp-json\/wp\/v2\/media\/1398"}],"wp:attachment":[{"href":"https:\/\/cartium.eu\/cz\/wp-json\/wp\/v2\/media?parent=1389"}],"wp:term":[{"taxonomy":"product_brand","embeddable":true,"href":"https:\/\/cartium.eu\/cz\/wp-json\/wp\/v2\/product_brand?post=1389"},{"taxonomy":"product_cat","embeddable":true,"href":"https:\/\/cartium.eu\/cz\/wp-json\/wp\/v2\/product_cat?post=1389"},{"taxonomy":"product_tag","embeddable":true,"href":"https:\/\/cartium.eu\/cz\/wp-json\/wp\/v2\/product_tag?post=1389"}],"curies":[{"name":"wp","href":"https:\/\/api.w.org\/{rel}","templated":true}]}}