{"id":13890,"date":"2023-07-23T10:09:48","date_gmt":"2023-07-23T08:09:48","guid":{"rendered":"https:\/\/cartium.eu\/cz\/?post_type=product&#038;p=13890"},"modified":"2023-07-24T12:51:43","modified_gmt":"2023-07-24T10:51:43","slug":"modni-chytre-hodinky-s-bluetooth","status":"publish","type":"product","link":"https:\/\/cartium.eu\/cz\/produkt\/modni-chytre-hodinky-s-bluetooth\/","title":{"rendered":"M\u00f3dn\u00ed chytr\u00e9 hodinky s bluetooth"},"content":{"rendered":"","protected":false},"excerpt":{"rendered":"<p>Tyto modern\u00ed chytr\u00e9 hodinky pro zdrav\u00fd \u017eivot maj\u00ed velkou obrazovku s vysok\u00fdm rozli\u0161en\u00edm, kter\u00e1 v\u00e1m umo\u017en\u00ed p\u0159esn\u011b sledovat hladinu kysl\u00edku v krvi, hodnotu gluk\u00f3zy v krvi, srde\u010dn\u00ed frekvenci, krevn\u00ed tlak, t\u011blesnou teplotu, dobu sp\u00e1nku, +50 sportovn\u00edch aktivit&#8230;<\/p>\n","protected":false},"featured_media":13901,"comment_status":"closed","ping_status":"closed","template":"","meta":{"inline_featured_image":false},"product_brand":[],"product_cat":[15],"product_tag":[],"class_list":{"0":"post-13890","1":"product","2":"type-product","3":"status-publish","4":"has-post-thumbnail","6":"product_cat-uncategorized","8":"first","9":"instock","10":"sale","11":"taxable","12":"shipping-taxable","13":"purchasable","14":"product-type-simple"},"acf":[],"_links":{"self":[{"href":"https:\/\/cartium.eu\/cz\/wp-json\/wp\/v2\/product\/13890","targetHints":{"allow":["GET"]}}],"collection":[{"href":"https:\/\/cartium.eu\/cz\/wp-json\/wp\/v2\/product"}],"about":[{"href":"https:\/\/cartium.eu\/cz\/wp-json\/wp\/v2\/types\/product"}],"replies":[{"embeddable":true,"href":"https:\/\/cartium.eu\/cz\/wp-json\/wp\/v2\/comments?post=13890"}],"wp:featuredmedia":[{"embeddable":true,"href":"https:\/\/cartium.eu\/cz\/wp-json\/wp\/v2\/media\/13901"}],"wp:attachment":[{"href":"https:\/\/cartium.eu\/cz\/wp-json\/wp\/v2\/media?parent=13890"}],"wp:term":[{"taxonomy":"product_brand","embeddable":true,"href":"https:\/\/cartium.eu\/cz\/wp-json\/wp\/v2\/product_brand?post=13890"},{"taxonomy":"product_cat","embeddable":true,"href":"https:\/\/cartium.eu\/cz\/wp-json\/wp\/v2\/product_cat?post=13890"},{"taxonomy":"product_tag","embeddable":true,"href":"https:\/\/cartium.eu\/cz\/wp-json\/wp\/v2\/product_tag?post=13890"}],"curies":[{"name":"wp","href":"https:\/\/api.w.org\/{rel}","templated":true}]}}