{"id":13903,"date":"2023-07-23T10:42:26","date_gmt":"2023-07-23T08:42:26","guid":{"rendered":"https:\/\/cartium.eu\/cz\/?post_type=product&#038;p=13903"},"modified":"2023-07-24T12:53:35","modified_gmt":"2023-07-24T10:53:35","slug":"trenazer-pasu","status":"publish","type":"product","link":"https:\/\/cartium.eu\/cz\/produkt\/trenazer-pasu\/","title":{"rendered":"Trena\u017e\u00e9r pasu"},"content":{"rendered":"","protected":false},"excerpt":{"rendered":"<p>Pohodln\u00fd a prody\u0161n\u00fd elastick\u00fd p\u00e1s na boky a z\u00e1da v\u00e1m d\u00e1v\u00e1 pocit bezpe\u010d\u00ed a snadn\u00e9ho pohybu. Sni\u017euje bolesti zad a rychleji spaluje kalorie a celulitida miz\u00ed s touto p\u00e1skou dokonce 2-3x rychleji.<\/p>\n","protected":false},"featured_media":13911,"comment_status":"closed","ping_status":"closed","template":"","meta":{"inline_featured_image":false},"product_brand":[],"product_cat":[15],"product_tag":[],"class_list":{"0":"post-13903","1":"product","2":"type-product","3":"status-publish","4":"has-post-thumbnail","6":"product_cat-uncategorized","8":"first","9":"instock","10":"sale","11":"taxable","12":"shipping-taxable","13":"purchasable","14":"product-type-simple"},"acf":[],"_links":{"self":[{"href":"https:\/\/cartium.eu\/cz\/wp-json\/wp\/v2\/product\/13903","targetHints":{"allow":["GET"]}}],"collection":[{"href":"https:\/\/cartium.eu\/cz\/wp-json\/wp\/v2\/product"}],"about":[{"href":"https:\/\/cartium.eu\/cz\/wp-json\/wp\/v2\/types\/product"}],"replies":[{"embeddable":true,"href":"https:\/\/cartium.eu\/cz\/wp-json\/wp\/v2\/comments?post=13903"}],"wp:featuredmedia":[{"embeddable":true,"href":"https:\/\/cartium.eu\/cz\/wp-json\/wp\/v2\/media\/13911"}],"wp:attachment":[{"href":"https:\/\/cartium.eu\/cz\/wp-json\/wp\/v2\/media?parent=13903"}],"wp:term":[{"taxonomy":"product_brand","embeddable":true,"href":"https:\/\/cartium.eu\/cz\/wp-json\/wp\/v2\/product_brand?post=13903"},{"taxonomy":"product_cat","embeddable":true,"href":"https:\/\/cartium.eu\/cz\/wp-json\/wp\/v2\/product_cat?post=13903"},{"taxonomy":"product_tag","embeddable":true,"href":"https:\/\/cartium.eu\/cz\/wp-json\/wp\/v2\/product_tag?post=13903"}],"curies":[{"name":"wp","href":"https:\/\/api.w.org\/{rel}","templated":true}]}}