{"id":13914,"date":"2023-07-23T11:12:19","date_gmt":"2023-07-23T09:12:19","guid":{"rendered":"https:\/\/cartium.eu\/cz\/?post_type=product&#038;p=13914"},"modified":"2023-07-24T12:53:42","modified_gmt":"2023-07-24T10:53:42","slug":"enzymaticky-odstranovac-skvrn","status":"publish","type":"product","link":"https:\/\/cartium.eu\/cz\/produkt\/enzymaticky-odstranovac-skvrn\/","title":{"rendered":"Enzymatick\u00fd odstra\u0148ova\u010d skvrn"},"content":{"rendered":"","protected":false},"excerpt":{"rendered":"<p>Zbavte se v\u0161ech nep\u0159\u00edjemn\u00fdch odoln\u00fdch skvrn na oble\u010den\u00ed b\u011bhem n\u011bkolika minut!<\/p>\n","protected":false},"featured_media":13921,"comment_status":"closed","ping_status":"closed","template":"","meta":{"inline_featured_image":false},"product_brand":[],"product_cat":[15],"product_tag":[],"class_list":{"0":"post-13914","1":"product","2":"type-product","3":"status-publish","4":"has-post-thumbnail","6":"product_cat-uncategorized","8":"first","9":"instock","10":"sale","11":"taxable","12":"shipping-taxable","13":"purchasable","14":"product-type-simple"},"acf":[],"_links":{"self":[{"href":"https:\/\/cartium.eu\/cz\/wp-json\/wp\/v2\/product\/13914","targetHints":{"allow":["GET"]}}],"collection":[{"href":"https:\/\/cartium.eu\/cz\/wp-json\/wp\/v2\/product"}],"about":[{"href":"https:\/\/cartium.eu\/cz\/wp-json\/wp\/v2\/types\/product"}],"replies":[{"embeddable":true,"href":"https:\/\/cartium.eu\/cz\/wp-json\/wp\/v2\/comments?post=13914"}],"wp:featuredmedia":[{"embeddable":true,"href":"https:\/\/cartium.eu\/cz\/wp-json\/wp\/v2\/media\/13921"}],"wp:attachment":[{"href":"https:\/\/cartium.eu\/cz\/wp-json\/wp\/v2\/media?parent=13914"}],"wp:term":[{"taxonomy":"product_brand","embeddable":true,"href":"https:\/\/cartium.eu\/cz\/wp-json\/wp\/v2\/product_brand?post=13914"},{"taxonomy":"product_cat","embeddable":true,"href":"https:\/\/cartium.eu\/cz\/wp-json\/wp\/v2\/product_cat?post=13914"},{"taxonomy":"product_tag","embeddable":true,"href":"https:\/\/cartium.eu\/cz\/wp-json\/wp\/v2\/product_tag?post=13914"}],"curies":[{"name":"wp","href":"https:\/\/api.w.org\/{rel}","templated":true}]}}