{"id":13971,"date":"2023-07-25T08:49:40","date_gmt":"2023-07-25T06:49:40","guid":{"rendered":"https:\/\/cartium.eu\/cz\/?post_type=product&#038;p=13971"},"modified":"2023-07-28T17:36:26","modified_gmt":"2023-07-28T15:36:26","slug":"strelecka-rukavice-spiderman","status":"publish","type":"product","link":"https:\/\/cartium.eu\/cz\/produkt\/strelecka-rukavice-spiderman\/","title":{"rendered":"St\u0159eleck\u00e1 rukavice Spiderman"},"content":{"rendered":"","protected":false},"excerpt":{"rendered":"<p>Dop\u0159ejte sv\u00fdm d\u011btem nezapomenutelnou z\u00e1bavu s t\u011bmito super st\u0159eleck\u00fdmi rukavicemi Spidermana. Pln\u011b interaktivn\u00ed a bezpe\u010dn\u00e1 hra, kterou si va\u0161i mal\u00ed superhrdinov\u00e9 zamiluj\u00ed!<\/p>\n","protected":false},"featured_media":13972,"comment_status":"closed","ping_status":"closed","template":"","meta":{"inline_featured_image":false},"product_brand":[],"product_cat":[15,35],"product_tag":[],"class_list":{"0":"post-13971","1":"product","2":"type-product","3":"status-publish","4":"has-post-thumbnail","6":"product_cat-uncategorized","7":"product_cat-fun","9":"first","10":"instock","11":"sale","12":"taxable","13":"shipping-taxable","14":"purchasable","15":"product-type-simple"},"acf":[],"_links":{"self":[{"href":"https:\/\/cartium.eu\/cz\/wp-json\/wp\/v2\/product\/13971","targetHints":{"allow":["GET"]}}],"collection":[{"href":"https:\/\/cartium.eu\/cz\/wp-json\/wp\/v2\/product"}],"about":[{"href":"https:\/\/cartium.eu\/cz\/wp-json\/wp\/v2\/types\/product"}],"replies":[{"embeddable":true,"href":"https:\/\/cartium.eu\/cz\/wp-json\/wp\/v2\/comments?post=13971"}],"wp:featuredmedia":[{"embeddable":true,"href":"https:\/\/cartium.eu\/cz\/wp-json\/wp\/v2\/media\/13972"}],"wp:attachment":[{"href":"https:\/\/cartium.eu\/cz\/wp-json\/wp\/v2\/media?parent=13971"}],"wp:term":[{"taxonomy":"product_brand","embeddable":true,"href":"https:\/\/cartium.eu\/cz\/wp-json\/wp\/v2\/product_brand?post=13971"},{"taxonomy":"product_cat","embeddable":true,"href":"https:\/\/cartium.eu\/cz\/wp-json\/wp\/v2\/product_cat?post=13971"},{"taxonomy":"product_tag","embeddable":true,"href":"https:\/\/cartium.eu\/cz\/wp-json\/wp\/v2\/product_tag?post=13971"}],"curies":[{"name":"wp","href":"https:\/\/api.w.org\/{rel}","templated":true}]}}