{"id":14061,"date":"2023-07-27T08:20:56","date_gmt":"2023-07-27T06:20:56","guid":{"rendered":"https:\/\/cartium.eu\/cz\/?post_type=product&#038;p=14061"},"modified":"2023-07-28T17:36:12","modified_gmt":"2023-07-28T15:36:12","slug":"drift-rc-auto","status":"publish","type":"product","link":"https:\/\/cartium.eu\/cz\/produkt\/drift-rc-auto\/","title":{"rendered":"Drift RC auto"},"content":{"rendered":"","protected":false},"excerpt":{"rendered":"<p>Prom\u011b\u0148te sv\u016fj domov v driftovou dr\u00e1hu pro aut\u00ed\u010dka. Neobvykl\u00fd zp\u016fsob hry udr\u017e\u00ed va\u0161i pozornost na dlouhou dobu a poskytne nezapomenutelnou z\u00e1bavu!<\/p>\n","protected":false},"featured_media":14063,"comment_status":"closed","ping_status":"closed","template":"","meta":{"inline_featured_image":false},"product_brand":[],"product_cat":[15],"product_tag":[],"class_list":{"0":"post-14061","1":"product","2":"type-product","3":"status-publish","4":"has-post-thumbnail","6":"product_cat-uncategorized","8":"first","9":"instock","10":"sale","11":"taxable","12":"shipping-taxable","13":"purchasable","14":"product-type-simple"},"acf":[],"_links":{"self":[{"href":"https:\/\/cartium.eu\/cz\/wp-json\/wp\/v2\/product\/14061","targetHints":{"allow":["GET"]}}],"collection":[{"href":"https:\/\/cartium.eu\/cz\/wp-json\/wp\/v2\/product"}],"about":[{"href":"https:\/\/cartium.eu\/cz\/wp-json\/wp\/v2\/types\/product"}],"replies":[{"embeddable":true,"href":"https:\/\/cartium.eu\/cz\/wp-json\/wp\/v2\/comments?post=14061"}],"wp:featuredmedia":[{"embeddable":true,"href":"https:\/\/cartium.eu\/cz\/wp-json\/wp\/v2\/media\/14063"}],"wp:attachment":[{"href":"https:\/\/cartium.eu\/cz\/wp-json\/wp\/v2\/media?parent=14061"}],"wp:term":[{"taxonomy":"product_brand","embeddable":true,"href":"https:\/\/cartium.eu\/cz\/wp-json\/wp\/v2\/product_brand?post=14061"},{"taxonomy":"product_cat","embeddable":true,"href":"https:\/\/cartium.eu\/cz\/wp-json\/wp\/v2\/product_cat?post=14061"},{"taxonomy":"product_tag","embeddable":true,"href":"https:\/\/cartium.eu\/cz\/wp-json\/wp\/v2\/product_tag?post=14061"}],"curies":[{"name":"wp","href":"https:\/\/api.w.org\/{rel}","templated":true}]}}