{"id":14215,"date":"2023-07-31T09:04:05","date_gmt":"2023-07-31T07:04:05","guid":{"rendered":"https:\/\/cartium.eu\/cz\/?post_type=product&#038;p=14215"},"modified":"2023-09-18T09:34:39","modified_gmt":"2023-09-18T07:34:39","slug":"diy-sada-na-vyrobu-naramku-2","status":"publish","type":"product","link":"https:\/\/cartium.eu\/cz\/produkt\/diy-sada-na-vyrobu-naramku-2\/","title":{"rendered":"DIY sada na v\u00fdrobu n\u00e1ramk\u016f"},"content":{"rendered":"","protected":false},"excerpt":{"rendered":"<p>Vyj\u00e1d\u0159ete svou kreativitu a vyrobte si jedine\u010dn\u00e9 n\u00e1ramky. V t\u00e9to sad\u011b z\u00edsk\u00e1te v\u0161e, co pot\u0159ebujete k v\u00fdrob\u011b kr\u00e1sn\u00fdch \u0161perk\u016f.<\/p>\n","protected":false},"featured_media":14221,"comment_status":"closed","ping_status":"closed","template":"","meta":{"inline_featured_image":false},"product_brand":[],"product_cat":[15,35],"product_tag":[],"class_list":{"0":"post-14215","1":"product","2":"type-product","3":"status-publish","4":"has-post-thumbnail","6":"product_cat-uncategorized","7":"product_cat-fun","9":"first","10":"instock","11":"sale","12":"taxable","13":"shipping-taxable","14":"purchasable","15":"product-type-simple"},"acf":[],"_links":{"self":[{"href":"https:\/\/cartium.eu\/cz\/wp-json\/wp\/v2\/product\/14215","targetHints":{"allow":["GET"]}}],"collection":[{"href":"https:\/\/cartium.eu\/cz\/wp-json\/wp\/v2\/product"}],"about":[{"href":"https:\/\/cartium.eu\/cz\/wp-json\/wp\/v2\/types\/product"}],"replies":[{"embeddable":true,"href":"https:\/\/cartium.eu\/cz\/wp-json\/wp\/v2\/comments?post=14215"}],"wp:featuredmedia":[{"embeddable":true,"href":"https:\/\/cartium.eu\/cz\/wp-json\/wp\/v2\/media\/14221"}],"wp:attachment":[{"href":"https:\/\/cartium.eu\/cz\/wp-json\/wp\/v2\/media?parent=14215"}],"wp:term":[{"taxonomy":"product_brand","embeddable":true,"href":"https:\/\/cartium.eu\/cz\/wp-json\/wp\/v2\/product_brand?post=14215"},{"taxonomy":"product_cat","embeddable":true,"href":"https:\/\/cartium.eu\/cz\/wp-json\/wp\/v2\/product_cat?post=14215"},{"taxonomy":"product_tag","embeddable":true,"href":"https:\/\/cartium.eu\/cz\/wp-json\/wp\/v2\/product_tag?post=14215"}],"curies":[{"name":"wp","href":"https:\/\/api.w.org\/{rel}","templated":true}]}}