{"id":1454,"date":"2021-03-10T19:50:18","date_gmt":"2021-03-10T18:50:18","guid":{"rendered":"https:\/\/shopium.eu\/cz\/?post_type=product&#038;p=1454"},"modified":"2021-10-06T14:27:08","modified_gmt":"2021-10-06T12:27:08","slug":"vysokotlaky-vodni-postrikovac-jetgun","status":"publish","type":"product","link":"https:\/\/cartium.eu\/cz\/produkt\/vysokotlaky-vodni-postrikovac-jetgun\/","title":{"rendered":"Vysokotlak\u00fd vodn\u00ed post\u0159ikova\u010d \u2013 JetGun"},"content":{"rendered":"","protected":false},"excerpt":{"rendered":"<p><span style=\"font-weight: 400\">U\u017e se nemus\u00edte obt\u011b\u017eovat s\u00a0\u00faklidem dom\u00e1cnosti nebo myt\u00edm auta! S\u00a0t\u00edmto produktem to v\u0161echno zvl\u00e1dnete rychle a bez n\u00e1mahy.<\/span><\/p>\n","protected":false},"featured_media":1459,"comment_status":"closed","ping_status":"closed","template":"","meta":{"inline_featured_image":false},"product_brand":[],"product_cat":[15,25,27],"product_tag":[],"class_list":{"0":"post-1454","1":"product","2":"type-product","3":"status-publish","4":"has-post-thumbnail","6":"product_cat-uncategorized","7":"product_cat-car","8":"product_cat-home","10":"first","11":"instock","12":"sale","13":"taxable","14":"shipping-taxable","15":"purchasable","16":"product-type-simple"},"acf":[],"_links":{"self":[{"href":"https:\/\/cartium.eu\/cz\/wp-json\/wp\/v2\/product\/1454","targetHints":{"allow":["GET"]}}],"collection":[{"href":"https:\/\/cartium.eu\/cz\/wp-json\/wp\/v2\/product"}],"about":[{"href":"https:\/\/cartium.eu\/cz\/wp-json\/wp\/v2\/types\/product"}],"replies":[{"embeddable":true,"href":"https:\/\/cartium.eu\/cz\/wp-json\/wp\/v2\/comments?post=1454"}],"wp:featuredmedia":[{"embeddable":true,"href":"https:\/\/cartium.eu\/cz\/wp-json\/wp\/v2\/media\/1459"}],"wp:attachment":[{"href":"https:\/\/cartium.eu\/cz\/wp-json\/wp\/v2\/media?parent=1454"}],"wp:term":[{"taxonomy":"product_brand","embeddable":true,"href":"https:\/\/cartium.eu\/cz\/wp-json\/wp\/v2\/product_brand?post=1454"},{"taxonomy":"product_cat","embeddable":true,"href":"https:\/\/cartium.eu\/cz\/wp-json\/wp\/v2\/product_cat?post=1454"},{"taxonomy":"product_tag","embeddable":true,"href":"https:\/\/cartium.eu\/cz\/wp-json\/wp\/v2\/product_tag?post=1454"}],"curies":[{"name":"wp","href":"https:\/\/api.w.org\/{rel}","templated":true}]}}