{"id":14849,"date":"2023-08-16T13:19:50","date_gmt":"2023-08-16T11:19:50","guid":{"rendered":"https:\/\/cartium.eu\/cz\/?post_type=product&#038;p=14849"},"modified":"2023-08-16T13:27:18","modified_gmt":"2023-08-16T11:27:18","slug":"detska-kreativni-prenosna-sada","status":"publish","type":"product","link":"https:\/\/cartium.eu\/cz\/produkt\/detska-kreativni-prenosna-sada\/","title":{"rendered":"D\u011btsk\u00e1 kreativn\u00ed p\u0159enosn\u00e1 sada"},"content":{"rendered":"","protected":false},"excerpt":{"rendered":"<p>D\u011bti si tuto kreativn\u00ed sadu zamiluj\u00ed na prvn\u00ed pohled. Ide\u00e1ln\u00ed d\u00e1rek pro va\u0161eho nejmen\u0161\u00edho, a\u0165 u\u017e po\u0159\u00edd\u00edte jednotliv\u011b sadu motiv\u016f dinosaura nebo kuchy\u0148ky, d\u011bti si hru u\u017eij\u00ed.<\/p>\n","protected":false},"featured_media":14858,"comment_status":"closed","ping_status":"closed","template":"","meta":{"inline_featured_image":false},"product_brand":[],"product_cat":[15],"product_tag":[],"class_list":{"0":"post-14849","1":"product","2":"type-product","3":"status-publish","4":"has-post-thumbnail","6":"product_cat-uncategorized","8":"first","9":"instock","10":"sale","11":"taxable","12":"shipping-taxable","13":"purchasable","14":"product-type-variable"},"acf":[],"_links":{"self":[{"href":"https:\/\/cartium.eu\/cz\/wp-json\/wp\/v2\/product\/14849","targetHints":{"allow":["GET"]}}],"collection":[{"href":"https:\/\/cartium.eu\/cz\/wp-json\/wp\/v2\/product"}],"about":[{"href":"https:\/\/cartium.eu\/cz\/wp-json\/wp\/v2\/types\/product"}],"replies":[{"embeddable":true,"href":"https:\/\/cartium.eu\/cz\/wp-json\/wp\/v2\/comments?post=14849"}],"wp:featuredmedia":[{"embeddable":true,"href":"https:\/\/cartium.eu\/cz\/wp-json\/wp\/v2\/media\/14858"}],"wp:attachment":[{"href":"https:\/\/cartium.eu\/cz\/wp-json\/wp\/v2\/media?parent=14849"}],"wp:term":[{"taxonomy":"product_brand","embeddable":true,"href":"https:\/\/cartium.eu\/cz\/wp-json\/wp\/v2\/product_brand?post=14849"},{"taxonomy":"product_cat","embeddable":true,"href":"https:\/\/cartium.eu\/cz\/wp-json\/wp\/v2\/product_cat?post=14849"},{"taxonomy":"product_tag","embeddable":true,"href":"https:\/\/cartium.eu\/cz\/wp-json\/wp\/v2\/product_tag?post=14849"}],"curies":[{"name":"wp","href":"https:\/\/api.w.org\/{rel}","templated":true}]}}