{"id":14896,"date":"2023-08-17T11:37:15","date_gmt":"2023-08-17T09:37:15","guid":{"rendered":"https:\/\/cartium.eu\/cz\/?post_type=product&#038;p=14896"},"modified":"2023-08-17T11:44:31","modified_gmt":"2023-08-17T09:44:31","slug":"montessori-vyukova-sada","status":"publish","type":"product","link":"https:\/\/cartium.eu\/cz\/produkt\/montessori-vyukova-sada\/","title":{"rendered":"\u200bMontessori v\u00fdukov\u00e1 sada"},"content":{"rendered":"","protected":false},"excerpt":{"rendered":"<p>Praktick\u00e1 a skladn\u00e1 ta\u0161ka se v\u0161emi n\u00e1stroji pot\u0159ebn\u00fdmi k osvojen\u00ed z\u00e1kladn\u00edch \u017eivotn\u00edch dovednost\u00ed. Nau\u010dte se u\u017eite\u010dn\u00e9 v\u011bci p\u0159i hran\u00ed!<\/p>\n","protected":false},"featured_media":14908,"comment_status":"closed","ping_status":"closed","template":"","meta":{"inline_featured_image":false},"product_brand":[],"product_cat":[15],"product_tag":[],"class_list":{"0":"post-14896","1":"product","2":"type-product","3":"status-publish","4":"has-post-thumbnail","6":"product_cat-uncategorized","8":"first","9":"instock","10":"sale","11":"taxable","12":"shipping-taxable","13":"purchasable","14":"product-type-variable"},"acf":[],"_links":{"self":[{"href":"https:\/\/cartium.eu\/cz\/wp-json\/wp\/v2\/product\/14896","targetHints":{"allow":["GET"]}}],"collection":[{"href":"https:\/\/cartium.eu\/cz\/wp-json\/wp\/v2\/product"}],"about":[{"href":"https:\/\/cartium.eu\/cz\/wp-json\/wp\/v2\/types\/product"}],"replies":[{"embeddable":true,"href":"https:\/\/cartium.eu\/cz\/wp-json\/wp\/v2\/comments?post=14896"}],"wp:featuredmedia":[{"embeddable":true,"href":"https:\/\/cartium.eu\/cz\/wp-json\/wp\/v2\/media\/14908"}],"wp:attachment":[{"href":"https:\/\/cartium.eu\/cz\/wp-json\/wp\/v2\/media?parent=14896"}],"wp:term":[{"taxonomy":"product_brand","embeddable":true,"href":"https:\/\/cartium.eu\/cz\/wp-json\/wp\/v2\/product_brand?post=14896"},{"taxonomy":"product_cat","embeddable":true,"href":"https:\/\/cartium.eu\/cz\/wp-json\/wp\/v2\/product_cat?post=14896"},{"taxonomy":"product_tag","embeddable":true,"href":"https:\/\/cartium.eu\/cz\/wp-json\/wp\/v2\/product_tag?post=14896"}],"curies":[{"name":"wp","href":"https:\/\/api.w.org\/{rel}","templated":true}]}}