{"id":14914,"date":"2023-08-17T13:42:43","date_gmt":"2023-08-17T11:42:43","guid":{"rendered":"https:\/\/cartium.eu\/cz\/?post_type=product&#038;p=14914"},"modified":"2023-08-17T13:45:21","modified_gmt":"2023-08-17T11:45:21","slug":"puzzle-zavodni-drahy","status":"publish","type":"product","link":"https:\/\/cartium.eu\/cz\/produkt\/puzzle-zavodni-drahy\/","title":{"rendered":"Puzzle z\u00e1vodn\u00ed dr\u00e1hy"},"content":{"rendered":"","protected":false},"excerpt":{"rendered":"<p>Puzzle podlo\u017eky s r\u016fzn\u00fdmi tvary drah jsou kreativn\u00ed a z\u00e1bavn\u00fd zp\u016fsob, jak si vytvo\u0159it sv\u016fj vlastn\u00ed driving range.<\/p>\n","protected":false},"featured_media":14916,"comment_status":"closed","ping_status":"closed","template":"","meta":{"inline_featured_image":false},"product_brand":[],"product_cat":[15],"product_tag":[],"class_list":{"0":"post-14914","1":"product","2":"type-product","3":"status-publish","4":"has-post-thumbnail","6":"product_cat-uncategorized","8":"first","9":"instock","10":"sale","11":"taxable","12":"shipping-taxable","13":"purchasable","14":"product-type-simple"},"acf":[],"_links":{"self":[{"href":"https:\/\/cartium.eu\/cz\/wp-json\/wp\/v2\/product\/14914","targetHints":{"allow":["GET"]}}],"collection":[{"href":"https:\/\/cartium.eu\/cz\/wp-json\/wp\/v2\/product"}],"about":[{"href":"https:\/\/cartium.eu\/cz\/wp-json\/wp\/v2\/types\/product"}],"replies":[{"embeddable":true,"href":"https:\/\/cartium.eu\/cz\/wp-json\/wp\/v2\/comments?post=14914"}],"wp:featuredmedia":[{"embeddable":true,"href":"https:\/\/cartium.eu\/cz\/wp-json\/wp\/v2\/media\/14916"}],"wp:attachment":[{"href":"https:\/\/cartium.eu\/cz\/wp-json\/wp\/v2\/media?parent=14914"}],"wp:term":[{"taxonomy":"product_brand","embeddable":true,"href":"https:\/\/cartium.eu\/cz\/wp-json\/wp\/v2\/product_brand?post=14914"},{"taxonomy":"product_cat","embeddable":true,"href":"https:\/\/cartium.eu\/cz\/wp-json\/wp\/v2\/product_cat?post=14914"},{"taxonomy":"product_tag","embeddable":true,"href":"https:\/\/cartium.eu\/cz\/wp-json\/wp\/v2\/product_tag?post=14914"}],"curies":[{"name":"wp","href":"https:\/\/api.w.org\/{rel}","templated":true}]}}