{"id":14958,"date":"2023-08-18T13:40:10","date_gmt":"2023-08-18T11:40:10","guid":{"rendered":"https:\/\/cartium.eu\/cz\/?post_type=product&#038;p=14958"},"modified":"2023-08-18T13:42:48","modified_gmt":"2023-08-18T11:42:48","slug":"zajimava-rekvizita-na-zahradku","status":"publish","type":"product","link":"https:\/\/cartium.eu\/cz\/produkt\/zajimava-rekvizita-na-zahradku\/","title":{"rendered":"Zaj\u00edmav\u00e1 rekvizita na zahr\u00e1dku"},"content":{"rendered":"","protected":false},"excerpt":{"rendered":"<p>Ud\u011blejte ze sv\u00e9ho dvora nebo domova tu nejd\u011bsiv\u011bj\u0161\u00ed halloweenskou v\u00fdzdobu!<\/p>\n","protected":false},"featured_media":14959,"comment_status":"closed","ping_status":"closed","template":"","meta":{"inline_featured_image":false},"product_brand":[],"product_cat":[15],"product_tag":[],"class_list":{"0":"post-14958","1":"product","2":"type-product","3":"status-publish","4":"has-post-thumbnail","6":"product_cat-uncategorized","8":"first","9":"instock","10":"sale","11":"taxable","12":"shipping-taxable","13":"purchasable","14":"product-type-simple"},"acf":[],"_links":{"self":[{"href":"https:\/\/cartium.eu\/cz\/wp-json\/wp\/v2\/product\/14958","targetHints":{"allow":["GET"]}}],"collection":[{"href":"https:\/\/cartium.eu\/cz\/wp-json\/wp\/v2\/product"}],"about":[{"href":"https:\/\/cartium.eu\/cz\/wp-json\/wp\/v2\/types\/product"}],"replies":[{"embeddable":true,"href":"https:\/\/cartium.eu\/cz\/wp-json\/wp\/v2\/comments?post=14958"}],"wp:featuredmedia":[{"embeddable":true,"href":"https:\/\/cartium.eu\/cz\/wp-json\/wp\/v2\/media\/14959"}],"wp:attachment":[{"href":"https:\/\/cartium.eu\/cz\/wp-json\/wp\/v2\/media?parent=14958"}],"wp:term":[{"taxonomy":"product_brand","embeddable":true,"href":"https:\/\/cartium.eu\/cz\/wp-json\/wp\/v2\/product_brand?post=14958"},{"taxonomy":"product_cat","embeddable":true,"href":"https:\/\/cartium.eu\/cz\/wp-json\/wp\/v2\/product_cat?post=14958"},{"taxonomy":"product_tag","embeddable":true,"href":"https:\/\/cartium.eu\/cz\/wp-json\/wp\/v2\/product_tag?post=14958"}],"curies":[{"name":"wp","href":"https:\/\/api.w.org\/{rel}","templated":true}]}}