{"id":15671,"date":"2023-09-05T13:50:51","date_gmt":"2023-09-05T11:50:51","guid":{"rendered":"https:\/\/cartium.eu\/cz\/?post_type=product&#038;p=15671"},"modified":"2024-02-15T11:36:15","modified_gmt":"2024-02-15T10:36:15","slug":"aktivni-enzymovy-cistic-odstranovac-skvrn","status":"publish","type":"product","link":"https:\/\/cartium.eu\/cz\/produkt\/aktivni-enzymovy-cistic-odstranovac-skvrn\/","title":{"rendered":"Aktivn\u00ed enzymov\u00fd \u010disti\u010d, odstra\u0148ova\u010d skvrn"},"content":{"rendered":"","protected":false},"excerpt":{"rendered":"<p>Zbavte se v\u0161ech otravn\u00fdch t\u011b\u017eko odstraniteln\u00fdch skvrn na oble\u010den\u00ed za p\u00e1r minut!<\/p>\n","protected":false},"featured_media":15678,"comment_status":"closed","ping_status":"closed","template":"","meta":{"inline_featured_image":false},"product_brand":[],"product_cat":[15,27],"product_tag":[],"class_list":{"0":"post-15671","1":"product","2":"type-product","3":"status-publish","4":"has-post-thumbnail","6":"product_cat-uncategorized","7":"product_cat-home","9":"first","10":"instock","11":"sale","12":"taxable","13":"shipping-taxable","14":"purchasable","15":"product-type-simple"},"acf":[],"_links":{"self":[{"href":"https:\/\/cartium.eu\/cz\/wp-json\/wp\/v2\/product\/15671","targetHints":{"allow":["GET"]}}],"collection":[{"href":"https:\/\/cartium.eu\/cz\/wp-json\/wp\/v2\/product"}],"about":[{"href":"https:\/\/cartium.eu\/cz\/wp-json\/wp\/v2\/types\/product"}],"replies":[{"embeddable":true,"href":"https:\/\/cartium.eu\/cz\/wp-json\/wp\/v2\/comments?post=15671"}],"wp:featuredmedia":[{"embeddable":true,"href":"https:\/\/cartium.eu\/cz\/wp-json\/wp\/v2\/media\/15678"}],"wp:attachment":[{"href":"https:\/\/cartium.eu\/cz\/wp-json\/wp\/v2\/media?parent=15671"}],"wp:term":[{"taxonomy":"product_brand","embeddable":true,"href":"https:\/\/cartium.eu\/cz\/wp-json\/wp\/v2\/product_brand?post=15671"},{"taxonomy":"product_cat","embeddable":true,"href":"https:\/\/cartium.eu\/cz\/wp-json\/wp\/v2\/product_cat?post=15671"},{"taxonomy":"product_tag","embeddable":true,"href":"https:\/\/cartium.eu\/cz\/wp-json\/wp\/v2\/product_tag?post=15671"}],"curies":[{"name":"wp","href":"https:\/\/api.w.org\/{rel}","templated":true}]}}