{"id":1628,"date":"2021-03-16T11:39:55","date_gmt":"2021-03-16T10:39:55","guid":{"rendered":"https:\/\/shopium.eu\/cz\/?post_type=product&#038;p=1628"},"modified":"2021-03-17T09:49:18","modified_gmt":"2021-03-17T08:49:18","slug":"magicky-alien-mic-alieno","status":"publish","type":"product","link":"https:\/\/cartium.eu\/cz\/produkt\/magicky-alien-mic-alieno\/","title":{"rendered":"Magick\u00fd Alien m\u00ed\u010d \u2013 Alieno"},"content":{"rendered":"","protected":false},"excerpt":{"rendered":"<p><span style=\"font-weight: 400;\">Super z\u00e1bavn\u00fd UFO m\u00ed\u010d kter\u00fd se d\u00e1 jednoduch\u00fdm pohybem rozpl\u00e1cnout a vytvo\u0159it tak l\u00e9tac\u00ed tal\u00ed\u0159, je druh z\u00e1bavy kterou d\u011bti zbo\u017e\u0148uj\u00ed, super z\u00e1bavn\u00fd a inovativn\u00ed.<\/span><\/p>\n","protected":false},"featured_media":1631,"comment_status":"closed","ping_status":"closed","template":"","meta":{"inline_featured_image":false},"product_brand":[],"product_cat":[15],"product_tag":[],"class_list":{"0":"post-1628","1":"product","2":"type-product","3":"status-publish","4":"has-post-thumbnail","6":"product_cat-uncategorized","8":"first","9":"instock","10":"sale","11":"taxable","12":"shipping-taxable","13":"purchasable","14":"product-type-simple"},"acf":[],"_links":{"self":[{"href":"https:\/\/cartium.eu\/cz\/wp-json\/wp\/v2\/product\/1628","targetHints":{"allow":["GET"]}}],"collection":[{"href":"https:\/\/cartium.eu\/cz\/wp-json\/wp\/v2\/product"}],"about":[{"href":"https:\/\/cartium.eu\/cz\/wp-json\/wp\/v2\/types\/product"}],"replies":[{"embeddable":true,"href":"https:\/\/cartium.eu\/cz\/wp-json\/wp\/v2\/comments?post=1628"}],"wp:featuredmedia":[{"embeddable":true,"href":"https:\/\/cartium.eu\/cz\/wp-json\/wp\/v2\/media\/1631"}],"wp:attachment":[{"href":"https:\/\/cartium.eu\/cz\/wp-json\/wp\/v2\/media?parent=1628"}],"wp:term":[{"taxonomy":"product_brand","embeddable":true,"href":"https:\/\/cartium.eu\/cz\/wp-json\/wp\/v2\/product_brand?post=1628"},{"taxonomy":"product_cat","embeddable":true,"href":"https:\/\/cartium.eu\/cz\/wp-json\/wp\/v2\/product_cat?post=1628"},{"taxonomy":"product_tag","embeddable":true,"href":"https:\/\/cartium.eu\/cz\/wp-json\/wp\/v2\/product_tag?post=1628"}],"curies":[{"name":"wp","href":"https:\/\/api.w.org\/{rel}","templated":true}]}}