{"id":16388,"date":"2023-09-20T08:17:49","date_gmt":"2023-09-20T06:17:49","guid":{"rendered":"https:\/\/cartium.eu\/cz\/?post_type=product&#038;p=16388"},"modified":"2023-10-15T17:51:37","modified_gmt":"2023-10-15T15:51:37","slug":"zajimava-dekorace-na-zahradku","status":"publish","type":"product","link":"https:\/\/cartium.eu\/cz\/produkt\/zajimava-dekorace-na-zahradku\/","title":{"rendered":"Zaj\u00edmav\u00e1 dekorace na zahr\u00e1dku"},"content":{"rendered":"","protected":false},"excerpt":{"rendered":"<p>Ud\u011blejte ze sv\u00e9ho dvora nebo domova tu nejd\u011bsiv\u011bj\u0161\u00ed halloweenskou v\u00fdzdobu. Jedine\u010dn\u00fd zp\u016fsob, jak ozdobit zahradu!<\/p>\n","protected":false},"featured_media":16396,"comment_status":"closed","ping_status":"closed","template":"","meta":{"inline_featured_image":false},"product_brand":[],"product_cat":[15,35],"product_tag":[],"class_list":{"0":"post-16388","1":"product","2":"type-product","3":"status-publish","4":"has-post-thumbnail","6":"product_cat-uncategorized","7":"product_cat-fun","9":"first","10":"instock","11":"sale","12":"taxable","13":"shipping-taxable","14":"purchasable","15":"product-type-simple"},"acf":[],"_links":{"self":[{"href":"https:\/\/cartium.eu\/cz\/wp-json\/wp\/v2\/product\/16388","targetHints":{"allow":["GET"]}}],"collection":[{"href":"https:\/\/cartium.eu\/cz\/wp-json\/wp\/v2\/product"}],"about":[{"href":"https:\/\/cartium.eu\/cz\/wp-json\/wp\/v2\/types\/product"}],"replies":[{"embeddable":true,"href":"https:\/\/cartium.eu\/cz\/wp-json\/wp\/v2\/comments?post=16388"}],"wp:featuredmedia":[{"embeddable":true,"href":"https:\/\/cartium.eu\/cz\/wp-json\/wp\/v2\/media\/16396"}],"wp:attachment":[{"href":"https:\/\/cartium.eu\/cz\/wp-json\/wp\/v2\/media?parent=16388"}],"wp:term":[{"taxonomy":"product_brand","embeddable":true,"href":"https:\/\/cartium.eu\/cz\/wp-json\/wp\/v2\/product_brand?post=16388"},{"taxonomy":"product_cat","embeddable":true,"href":"https:\/\/cartium.eu\/cz\/wp-json\/wp\/v2\/product_cat?post=16388"},{"taxonomy":"product_tag","embeddable":true,"href":"https:\/\/cartium.eu\/cz\/wp-json\/wp\/v2\/product_tag?post=16388"}],"curies":[{"name":"wp","href":"https:\/\/api.w.org\/{rel}","templated":true}]}}