{"id":17236,"date":"2023-11-02T13:37:34","date_gmt":"2023-11-02T12:37:34","guid":{"rendered":"https:\/\/cartium.eu\/cz\/?post_type=product&#038;p=17236"},"modified":"2023-11-04T14:07:39","modified_gmt":"2023-11-04T13:07:39","slug":"nastavitelny-pas-pro-spravne-drzeni-tela","status":"publish","type":"product","link":"https:\/\/cartium.eu\/cz\/produkt\/nastavitelny-pas-pro-spravne-drzeni-tela\/","title":{"rendered":"Nastaviteln\u00fd p\u00e1s pro spr\u00e1vn\u00e9 dr\u017een\u00ed t\u011bla"},"content":{"rendered":"","protected":false},"excerpt":{"rendered":"<p>P\u00e1s pro spr\u00e1vn\u00e9 dr\u017een\u00ed t\u011bla vy\u0159e\u0161\u00ed r\u016fzn\u00e9 probl\u00e9my se z\u00e1dy, krkem a rameny. Zlep\u0161\u00edte si dr\u017een\u00ed t\u011bla a usnadn\u00edte si ka\u017edodenn\u00ed \u017eivot!<\/p>\n","protected":false},"featured_media":17240,"comment_status":"closed","ping_status":"closed","template":"","meta":{"inline_featured_image":false},"product_brand":[],"product_cat":[15],"product_tag":[],"class_list":{"0":"post-17236","1":"product","2":"type-product","3":"status-publish","4":"has-post-thumbnail","6":"product_cat-uncategorized","8":"first","9":"instock","10":"sale","11":"taxable","12":"shipping-taxable","13":"purchasable","14":"product-type-simple"},"acf":[],"_links":{"self":[{"href":"https:\/\/cartium.eu\/cz\/wp-json\/wp\/v2\/product\/17236","targetHints":{"allow":["GET"]}}],"collection":[{"href":"https:\/\/cartium.eu\/cz\/wp-json\/wp\/v2\/product"}],"about":[{"href":"https:\/\/cartium.eu\/cz\/wp-json\/wp\/v2\/types\/product"}],"replies":[{"embeddable":true,"href":"https:\/\/cartium.eu\/cz\/wp-json\/wp\/v2\/comments?post=17236"}],"wp:featuredmedia":[{"embeddable":true,"href":"https:\/\/cartium.eu\/cz\/wp-json\/wp\/v2\/media\/17240"}],"wp:attachment":[{"href":"https:\/\/cartium.eu\/cz\/wp-json\/wp\/v2\/media?parent=17236"}],"wp:term":[{"taxonomy":"product_brand","embeddable":true,"href":"https:\/\/cartium.eu\/cz\/wp-json\/wp\/v2\/product_brand?post=17236"},{"taxonomy":"product_cat","embeddable":true,"href":"https:\/\/cartium.eu\/cz\/wp-json\/wp\/v2\/product_cat?post=17236"},{"taxonomy":"product_tag","embeddable":true,"href":"https:\/\/cartium.eu\/cz\/wp-json\/wp\/v2\/product_tag?post=17236"}],"curies":[{"name":"wp","href":"https:\/\/api.w.org\/{rel}","templated":true}]}}