{"id":17244,"date":"2023-11-02T14:02:52","date_gmt":"2023-11-02T13:02:52","guid":{"rendered":"https:\/\/cartium.eu\/cz\/?post_type=product&#038;p=17244"},"modified":"2023-11-04T14:07:51","modified_gmt":"2023-11-04T13:07:51","slug":"sada-na-vyrobu-sperku-z-hlinenych-koralku","status":"publish","type":"product","link":"https:\/\/cartium.eu\/cz\/produkt\/sada-na-vyrobu-sperku-z-hlinenych-koralku\/","title":{"rendered":"Sada na v\u00fdrobu \u0161perk\u016f z hlin\u011bn\u00fdch kor\u00e1lk\u016f"},"content":{"rendered":"","protected":false},"excerpt":{"rendered":"<p>Vyj\u00e1d\u0159ete svou kreativitu a styl s touto fantastickou sadou! Vyrobte si n\u00e1ramky, n\u00e1hrdeln\u00edky, n\u00e1u\u0161nice nebo p\u0159\u00edv\u011bsky.<\/p>\n","protected":false},"featured_media":17251,"comment_status":"closed","ping_status":"closed","template":"","meta":{"inline_featured_image":false},"product_brand":[],"product_cat":[15],"product_tag":[],"class_list":{"0":"post-17244","1":"product","2":"type-product","3":"status-publish","4":"has-post-thumbnail","6":"product_cat-uncategorized","8":"first","9":"instock","10":"sale","11":"taxable","12":"shipping-taxable","13":"purchasable","14":"product-type-simple"},"acf":[],"_links":{"self":[{"href":"https:\/\/cartium.eu\/cz\/wp-json\/wp\/v2\/product\/17244","targetHints":{"allow":["GET"]}}],"collection":[{"href":"https:\/\/cartium.eu\/cz\/wp-json\/wp\/v2\/product"}],"about":[{"href":"https:\/\/cartium.eu\/cz\/wp-json\/wp\/v2\/types\/product"}],"replies":[{"embeddable":true,"href":"https:\/\/cartium.eu\/cz\/wp-json\/wp\/v2\/comments?post=17244"}],"wp:featuredmedia":[{"embeddable":true,"href":"https:\/\/cartium.eu\/cz\/wp-json\/wp\/v2\/media\/17251"}],"wp:attachment":[{"href":"https:\/\/cartium.eu\/cz\/wp-json\/wp\/v2\/media?parent=17244"}],"wp:term":[{"taxonomy":"product_brand","embeddable":true,"href":"https:\/\/cartium.eu\/cz\/wp-json\/wp\/v2\/product_brand?post=17244"},{"taxonomy":"product_cat","embeddable":true,"href":"https:\/\/cartium.eu\/cz\/wp-json\/wp\/v2\/product_cat?post=17244"},{"taxonomy":"product_tag","embeddable":true,"href":"https:\/\/cartium.eu\/cz\/wp-json\/wp\/v2\/product_tag?post=17244"}],"curies":[{"name":"wp","href":"https:\/\/api.w.org\/{rel}","templated":true}]}}