{"id":17256,"date":"2023-11-02T15:02:39","date_gmt":"2023-11-02T14:02:39","guid":{"rendered":"https:\/\/cartium.eu\/cz\/?post_type=product&#038;p=17256"},"modified":"2024-05-10T09:33:21","modified_gmt":"2024-05-10T07:33:21","slug":"vakuovy-cistic-a-sterilizator","status":"publish","type":"product","link":"https:\/\/cartium.eu\/cz\/produkt\/vakuovy-cistic-a-sterilizator\/","title":{"rendered":"Vakuov\u00fd \u010disti\u010d a steriliz\u00e1tor"},"content":{"rendered":"","protected":false},"excerpt":{"rendered":"<p>UV steriliz\u00e1tor a \u010disti\u010d prachu a rozto\u010d\u016f v\u00e1m zaru\u010d\u00ed \u010derstv\u00e9 a bezpe\u010dn\u00e9 prost\u0159ed\u00ed. Dop\u0159ejte si optim\u00e1ln\u011b \u010dist\u00fd domov!<\/p>\n","protected":false},"featured_media":17268,"comment_status":"closed","ping_status":"closed","template":"","meta":{"inline_featured_image":false},"product_brand":[],"product_cat":[15,27],"product_tag":[],"class_list":{"0":"post-17256","1":"product","2":"type-product","3":"status-publish","4":"has-post-thumbnail","6":"product_cat-uncategorized","7":"product_cat-home","9":"first","10":"instock","11":"sale","12":"taxable","13":"shipping-taxable","14":"purchasable","15":"product-type-simple"},"acf":[],"_links":{"self":[{"href":"https:\/\/cartium.eu\/cz\/wp-json\/wp\/v2\/product\/17256","targetHints":{"allow":["GET"]}}],"collection":[{"href":"https:\/\/cartium.eu\/cz\/wp-json\/wp\/v2\/product"}],"about":[{"href":"https:\/\/cartium.eu\/cz\/wp-json\/wp\/v2\/types\/product"}],"replies":[{"embeddable":true,"href":"https:\/\/cartium.eu\/cz\/wp-json\/wp\/v2\/comments?post=17256"}],"wp:featuredmedia":[{"embeddable":true,"href":"https:\/\/cartium.eu\/cz\/wp-json\/wp\/v2\/media\/17268"}],"wp:attachment":[{"href":"https:\/\/cartium.eu\/cz\/wp-json\/wp\/v2\/media?parent=17256"}],"wp:term":[{"taxonomy":"product_brand","embeddable":true,"href":"https:\/\/cartium.eu\/cz\/wp-json\/wp\/v2\/product_brand?post=17256"},{"taxonomy":"product_cat","embeddable":true,"href":"https:\/\/cartium.eu\/cz\/wp-json\/wp\/v2\/product_cat?post=17256"},{"taxonomy":"product_tag","embeddable":true,"href":"https:\/\/cartium.eu\/cz\/wp-json\/wp\/v2\/product_tag?post=17256"}],"curies":[{"name":"wp","href":"https:\/\/api.w.org\/{rel}","templated":true}]}}