{"id":17289,"date":"2023-11-03T08:43:28","date_gmt":"2023-11-03T07:43:28","guid":{"rendered":"https:\/\/cartium.eu\/cz\/?post_type=product&#038;p=17289"},"modified":"2023-11-20T14:13:15","modified_gmt":"2023-11-20T13:13:15","slug":"drift-rc-auto-2","status":"publish","type":"product","link":"https:\/\/cartium.eu\/cz\/produkt\/drift-rc-auto-2\/","title":{"rendered":"Drift RC auto"},"content":{"rendered":"","protected":false},"excerpt":{"rendered":"<p>Prom\u011b\u0148te sv\u016fj domov v driftovou dr\u00e1hu pro aut\u00ed\u010dka. Neobvykl\u00e1 hratelnost udr\u017e\u00ed va\u0161i pozornost na dlouhou dobu a poskytne nezapomenutelnou z\u00e1bavu!<\/p>\n","protected":false},"featured_media":17882,"comment_status":"closed","ping_status":"closed","template":"","meta":{"inline_featured_image":false},"product_brand":[],"product_cat":[15,35],"product_tag":[],"class_list":{"0":"post-17289","1":"product","2":"type-product","3":"status-publish","4":"has-post-thumbnail","6":"product_cat-uncategorized","7":"product_cat-fun","9":"first","10":"instock","11":"sale","12":"taxable","13":"shipping-taxable","14":"purchasable","15":"product-type-simple"},"acf":[],"_links":{"self":[{"href":"https:\/\/cartium.eu\/cz\/wp-json\/wp\/v2\/product\/17289","targetHints":{"allow":["GET"]}}],"collection":[{"href":"https:\/\/cartium.eu\/cz\/wp-json\/wp\/v2\/product"}],"about":[{"href":"https:\/\/cartium.eu\/cz\/wp-json\/wp\/v2\/types\/product"}],"replies":[{"embeddable":true,"href":"https:\/\/cartium.eu\/cz\/wp-json\/wp\/v2\/comments?post=17289"}],"wp:featuredmedia":[{"embeddable":true,"href":"https:\/\/cartium.eu\/cz\/wp-json\/wp\/v2\/media\/17882"}],"wp:attachment":[{"href":"https:\/\/cartium.eu\/cz\/wp-json\/wp\/v2\/media?parent=17289"}],"wp:term":[{"taxonomy":"product_brand","embeddable":true,"href":"https:\/\/cartium.eu\/cz\/wp-json\/wp\/v2\/product_brand?post=17289"},{"taxonomy":"product_cat","embeddable":true,"href":"https:\/\/cartium.eu\/cz\/wp-json\/wp\/v2\/product_cat?post=17289"},{"taxonomy":"product_tag","embeddable":true,"href":"https:\/\/cartium.eu\/cz\/wp-json\/wp\/v2\/product_tag?post=17289"}],"curies":[{"name":"wp","href":"https:\/\/api.w.org\/{rel}","templated":true}]}}