{"id":17308,"date":"2023-11-03T09:28:18","date_gmt":"2023-11-03T08:28:18","guid":{"rendered":"https:\/\/cartium.eu\/cz\/?post_type=product&#038;p=17308"},"modified":"2024-05-02T15:18:49","modified_gmt":"2024-05-02T13:18:49","slug":"vysoce-kvalitni-past-na-zvirata-2","status":"publish","type":"product","link":"https:\/\/cartium.eu\/cz\/produkt\/vysoce-kvalitni-past-na-zvirata-2\/","title":{"rendered":"Vysoce kvalitn\u00ed past na zv\u00ed\u0159ata"},"content":{"rendered":"","protected":false},"excerpt":{"rendered":"<p>Hum\u00e1nn\u00ed past na zv\u00ed\u0159ata speci\u00e1ln\u011b navr\u017een\u00e1 k bezbolestn\u00e9mu a snadn\u00e9mu odchytu ko\u0159isti.<\/p>\n","protected":false},"featured_media":17313,"comment_status":"closed","ping_status":"closed","template":"","meta":{"inline_featured_image":false},"product_brand":[],"product_cat":[15,27],"product_tag":[],"class_list":{"0":"post-17308","1":"product","2":"type-product","3":"status-publish","4":"has-post-thumbnail","6":"product_cat-uncategorized","7":"product_cat-home","9":"first","10":"instock","11":"sale","12":"taxable","13":"shipping-taxable","14":"purchasable","15":"product-type-simple"},"acf":[],"_links":{"self":[{"href":"https:\/\/cartium.eu\/cz\/wp-json\/wp\/v2\/product\/17308","targetHints":{"allow":["GET"]}}],"collection":[{"href":"https:\/\/cartium.eu\/cz\/wp-json\/wp\/v2\/product"}],"about":[{"href":"https:\/\/cartium.eu\/cz\/wp-json\/wp\/v2\/types\/product"}],"replies":[{"embeddable":true,"href":"https:\/\/cartium.eu\/cz\/wp-json\/wp\/v2\/comments?post=17308"}],"wp:featuredmedia":[{"embeddable":true,"href":"https:\/\/cartium.eu\/cz\/wp-json\/wp\/v2\/media\/17313"}],"wp:attachment":[{"href":"https:\/\/cartium.eu\/cz\/wp-json\/wp\/v2\/media?parent=17308"}],"wp:term":[{"taxonomy":"product_brand","embeddable":true,"href":"https:\/\/cartium.eu\/cz\/wp-json\/wp\/v2\/product_brand?post=17308"},{"taxonomy":"product_cat","embeddable":true,"href":"https:\/\/cartium.eu\/cz\/wp-json\/wp\/v2\/product_cat?post=17308"},{"taxonomy":"product_tag","embeddable":true,"href":"https:\/\/cartium.eu\/cz\/wp-json\/wp\/v2\/product_tag?post=17308"}],"curies":[{"name":"wp","href":"https:\/\/api.w.org\/{rel}","templated":true}]}}