{"id":1775,"date":"2021-03-26T14:42:04","date_gmt":"2021-03-26T13:42:04","guid":{"rendered":"https:\/\/shopium.eu\/cz\/?post_type=product&#038;p=1775"},"modified":"2021-10-06T14:25:21","modified_gmt":"2021-10-06T12:25:21","slug":"drzak-mobilu-do-auta-autostand","status":"publish","type":"product","link":"https:\/\/cartium.eu\/cz\/produkt\/drzak-mobilu-do-auta-autostand\/","title":{"rendered":"Dr\u017e\u00e1k mobilu do auta \u2013 AutoStand"},"content":{"rendered":"","protected":false},"excerpt":{"rendered":"<p><span style=\"font-weight: 400\">Ultra-stabiln\u00ed, pevn\u00fd a neklouzav\u00fd dr\u017e\u00e1k mobilu CollabCar umo\u017e\u0148uje snadn\u00e9 a bezpe\u010dn\u00e9 pou\u017e\u00edv\u00e1n\u00ed mobilu p\u0159i \u0159\u00edzen\u00ed, pro v\u0161echny druhy \u010dinnost\u00ed, jako je vol\u00e1n\u00ed, navigace a dal\u0161\u00ed.\u00a0<\/span><\/p>\n","protected":false},"featured_media":1778,"comment_status":"closed","ping_status":"closed","template":"","meta":{"inline_featured_image":false},"product_brand":[],"product_cat":[15,25],"product_tag":[],"class_list":{"0":"post-1775","1":"product","2":"type-product","3":"status-publish","4":"has-post-thumbnail","6":"product_cat-uncategorized","7":"product_cat-car","9":"first","10":"instock","11":"sale","12":"taxable","13":"shipping-taxable","14":"purchasable","15":"product-type-simple"},"acf":[],"_links":{"self":[{"href":"https:\/\/cartium.eu\/cz\/wp-json\/wp\/v2\/product\/1775","targetHints":{"allow":["GET"]}}],"collection":[{"href":"https:\/\/cartium.eu\/cz\/wp-json\/wp\/v2\/product"}],"about":[{"href":"https:\/\/cartium.eu\/cz\/wp-json\/wp\/v2\/types\/product"}],"replies":[{"embeddable":true,"href":"https:\/\/cartium.eu\/cz\/wp-json\/wp\/v2\/comments?post=1775"}],"wp:featuredmedia":[{"embeddable":true,"href":"https:\/\/cartium.eu\/cz\/wp-json\/wp\/v2\/media\/1778"}],"wp:attachment":[{"href":"https:\/\/cartium.eu\/cz\/wp-json\/wp\/v2\/media?parent=1775"}],"wp:term":[{"taxonomy":"product_brand","embeddable":true,"href":"https:\/\/cartium.eu\/cz\/wp-json\/wp\/v2\/product_brand?post=1775"},{"taxonomy":"product_cat","embeddable":true,"href":"https:\/\/cartium.eu\/cz\/wp-json\/wp\/v2\/product_cat?post=1775"},{"taxonomy":"product_tag","embeddable":true,"href":"https:\/\/cartium.eu\/cz\/wp-json\/wp\/v2\/product_tag?post=1775"}],"curies":[{"name":"wp","href":"https:\/\/api.w.org\/{rel}","templated":true}]}}