{"id":1786,"date":"2021-03-26T15:44:11","date_gmt":"2021-03-26T14:44:11","guid":{"rendered":"https:\/\/shopium.eu\/cz\/?post_type=product&#038;p=1786"},"modified":"2021-04-15T16:05:51","modified_gmt":"2021-04-15T14:05:51","slug":"vyhledavac-vrtu-updrill","status":"publish","type":"product","link":"https:\/\/cartium.eu\/cz\/produkt\/vyhledavac-vrtu-updrill\/","title":{"rendered":"Vyhled\u00e1va\u010d vrt\u016f  \u2013 UpDrill"},"content":{"rendered":"","protected":false},"excerpt":{"rendered":"<p><span style=\"font-weight: 400\">Kvalitn\u00ed vyhled\u00e1va\u010d vrt\u016f bude vhodn\u00fd jak pro dom\u00e1c\u00ed pou\u017eit\u00ed, tak pro profesion\u00e1ln\u00ed \u0159emesln\u00edky, kte\u0159\u00edm v\u00fdrazn\u011b usnadn\u00ed pr\u00e1ci.\u00a0<\/span><\/p>\n","protected":false},"featured_media":1809,"comment_status":"closed","ping_status":"closed","template":"","meta":{"inline_featured_image":false},"product_brand":[],"product_cat":[15],"product_tag":[],"class_list":{"0":"post-1786","1":"product","2":"type-product","3":"status-publish","4":"has-post-thumbnail","6":"product_cat-uncategorized","8":"first","9":"instock","10":"sale","11":"taxable","12":"shipping-taxable","13":"purchasable","14":"product-type-simple"},"acf":[],"_links":{"self":[{"href":"https:\/\/cartium.eu\/cz\/wp-json\/wp\/v2\/product\/1786","targetHints":{"allow":["GET"]}}],"collection":[{"href":"https:\/\/cartium.eu\/cz\/wp-json\/wp\/v2\/product"}],"about":[{"href":"https:\/\/cartium.eu\/cz\/wp-json\/wp\/v2\/types\/product"}],"replies":[{"embeddable":true,"href":"https:\/\/cartium.eu\/cz\/wp-json\/wp\/v2\/comments?post=1786"}],"wp:featuredmedia":[{"embeddable":true,"href":"https:\/\/cartium.eu\/cz\/wp-json\/wp\/v2\/media\/1809"}],"wp:attachment":[{"href":"https:\/\/cartium.eu\/cz\/wp-json\/wp\/v2\/media?parent=1786"}],"wp:term":[{"taxonomy":"product_brand","embeddable":true,"href":"https:\/\/cartium.eu\/cz\/wp-json\/wp\/v2\/product_brand?post=1786"},{"taxonomy":"product_cat","embeddable":true,"href":"https:\/\/cartium.eu\/cz\/wp-json\/wp\/v2\/product_cat?post=1786"},{"taxonomy":"product_tag","embeddable":true,"href":"https:\/\/cartium.eu\/cz\/wp-json\/wp\/v2\/product_tag?post=1786"}],"curies":[{"name":"wp","href":"https:\/\/api.w.org\/{rel}","templated":true}]}}